{"id":36434,"date":"2021-07-14T11:24:49","date_gmt":"2021-07-14T09:24:49","guid":{"rendered":"https:\/\/pharmasee.ch\/home\/"},"modified":"2026-01-27T12:23:49","modified_gmt":"2026-01-27T11:23:49","slug":"home","status":"publish","type":"page","link":"https:\/\/pharmasee.ch\/en\/","title":{"rendered":"Home"},"content":{"rendered":"<p>[et_pb_section fb_built=&#8221;1&#8243; _builder_version=&#8221;4.27.4&#8243; _module_preset=&#8221;default&#8221; background_color=&#8221;#2a8bd8&#8243; use_background_color_gradient=&#8221;on&#8221; background_color_gradient_stops=&#8221;#2b87da 0%|#29c4a9 49%&#8221; width=&#8221;100%&#8221; max_width=&#8221;100%&#8221; top_divider_height=&#8221;64px&#8221; custom_css_free_form=&#8221;\/* reset et base *\/||* {||  box-sizing: border-box;||}||||html {||  height: 100%;||  overflow: hidden; \/* pas de scroll global *\/||}||||body {||  margin: 0;||  min-height: 100%;||  display: flex;||  flex-direction: column;||  font-family: system-ui, -apple-system, BlinkMacSystemFont, sans-serif;||  background: linear-gradient( #29c4a9 100%); \/* fond jusqu&#8217;en bas *\/||  flex: 1; \/* pour s&#8217;\u00e9tirer si besoin *\/||}||||\/* conteneur principal *\/||.container {||  flex: 1; \/* prend tout l&#8217;espace restant *\/||  display: flex;||  flex-direction: column;||  overflow: hidden; \/* pas de scroll global ici non plus *\/||}||||\/* header \/ footer *\/||header,||footer {||  flex: 0 0 auto;||  padding: 10px;||  background-color: #eee;||  text-align: center;||}||||\/* zone scrollable interne *\/||main {||  flex: 1; \/* prend l&#8217;espace central *\/||  overflow: auto; \/* scroll interne si contenu trop grand *\/||  padding: 20px;||  background: transparent; \/* h\u00e9rite du fond global *\/||}||&#8221; global_colors_info=&#8221;{}&#8221; custom_css_main_element_last_edited=&#8221;off|desktop&#8221; custom_css_main_element_tablet=&#8221;height:100%||overflow:hidden;||position:fixed;&#8221; custom_css_main_element_phone=&#8221;height:100%||overflow:hidden;||position:fixed;&#8221;][et_pb_row make_equal=&#8221;on&#8221; _builder_version=&#8221;4.27.4&#8243; _module_preset=&#8221;default&#8221; width=&#8221;auto&#8221; max_width=&#8221;none&#8221; custom_margin=&#8221;|auto||auto|false|false&#8221; custom_margin_tablet=&#8221;|auto||auto|false|false&#8221; custom_margin_phone=&#8221;-50px||||false|false&#8221; custom_margin_last_edited=&#8221;on|desktop&#8221; custom_padding=&#8221;0px||||false|false&#8221; global_colors_info=&#8221;{}&#8221; custom_css_main_element_last_edited=&#8221;off|desktop&#8221; custom_css_main_element_tablet=&#8221;max-height:90%&#8221; custom_css_main_element_phone=&#8221;max-height:90%&#8221;][et_pb_column type=&#8221;4_4&#8243; _builder_version=&#8221;4.27.4&#8243; _module_preset=&#8221;default&#8221; use_background_color_gradient=&#8221;on&#8221; background_color_gradient_stops=&#8221;#2b87da 0%|#29c4a9 49%&#8221; global_colors_info=&#8221;{}&#8221; custom_css_main_element_last_edited=&#8221;on|phone&#8221; custom_css_main_element_tablet=&#8221;height:100%;||overflow:hidden;||position:fixed;||background-size:cover;&#8221; custom_css_main_element_phone=&#8221;height:100%;||overflow:hidden;||position:fixed;||background-size:cover;&#8221;][et_pb_text _builder_version=&#8221;4.18.0&#8243; _module_preset=&#8221;default&#8221; header_font=&#8221;Montserrat|600|||||||&#8221; header_text_align=&#8221;left&#8221; header_font_size=&#8221;63px&#8221; header_letter_spacing=&#8221;2px&#8221; custom_margin=&#8221;15px||0px||false|false&#8221; custom_padding=&#8221;3px||0px|||&#8221; header_font_size_tablet=&#8221;79px&#8221; header_font_size_phone=&#8221;37px&#8221; global_colors_info=&#8221;{}&#8221;]<\/p>\n<h1>PHARMASEE<\/h1>\n<p>[\/et_pb_text][et_pb_image src=&#8221;https:\/\/pharmasee.ch\/wp-content\/uploads\/2023\/07\/Fond-du-site_3.gif&#8221; title_text=&#8221;Site background_3&#8243; align=&#8221;center&#8221; disabled_on=&#8221;off|off|off&#8221; _builder_version=&#8221;4.24.3&#8243; _module_preset=&#8221;default&#8221; background_enable_video_mp4=&#8221;off&#8221; transform_scale_last_edited=&#8221;off|desktop&#8221; transform_translate_last_edited=&#8221;off|desktop&#8221; transform_rotate_last_edited=&#8221;off|desktop&#8221; transform_skew_last_edited=&#8221;off|desktop&#8221; transform_origin_last_edited=&#8221;off|desktop&#8221; transform_styles_last_edited=&#8221;off|desktop&#8221; max_width=&#8221;55%&#8221; max_width_tablet=&#8221;50%&#8221; max_width_phone=&#8221;95%&#8221; max_width_last_edited=&#8221;on|phone&#8221; custom_margin=&#8221;-15px||-5px||false|false&#8221; global_colors_info=&#8221;{}&#8221;][\/et_pb_image][et_pb_button button_url=&#8221;https:\/\/pharmasee.ch\/en\/about-us\/&#8221; button_text=&#8221;About us&#8221; button_alignment=&#8221;center&#8221; _builder_version=&#8221;4.27.4&#8243; _module_preset=&#8221;default&#8221; button_text_size=&#8221;25px&#8221; button_text_color=&#8221;#FFFFFF&#8221; button_bg_color=&#8221;#f5908d&#8221; button_border_radius=&#8221;51px&#8221; button_font=&#8221;Montserrat||||||||&#8221; custom_margin=&#8221;-25px||1px||false|false&#8221; custom_margin_tablet=&#8221;||4px||false|false&#8221; custom_margin_phone=&#8221;||20px||false|false&#8221; custom_margin_last_edited=&#8221;on|phone&#8221; custom_padding=&#8221;||||false|false&#8221; hover_enabled=&#8221;0&#8243; button_text_size_tablet=&#8221;25px&#8221; button_text_size_phone=&#8221;20px&#8221; button_text_size_last_edited=&#8221;on|phone&#8221; global_colors_info=&#8221;{}&#8221; sticky_enabled=&#8221;0&#8243;][\/et_pb_button][et_pb_menu menu_id=&#8221;10&#8243; menu_style=&#8221;centered&#8221; active_link_color=&#8221;#000000&#8243; dropdown_menu_bg_color=&#8221;#000000&#8243; dropdown_menu_line_color=&#8221;#000000&#8243; dropdown_menu_text_color=&#8221;#FFFFFF&#8221; mobile_menu_bg_color=&#8221;#fcfcfc&#8221; mobile_menu_text_color=&#8221;#000000&#8243; cart_icon_color=&#8221;RGBA(255,255,255,0)&#8221; search_icon_color=&#8221;#000000&#8243; menu_icon_color=&#8221;#000000&#8243; _builder_version=&#8221;4.27.4&#8243; _module_preset=&#8221;default&#8221; menu_font=&#8221;Montserrat|700||on|||||&#8221; menu_text_color=&#8221;#000000&#8243; menu_line_height=&#8221;1.3em&#8221; background_color=&#8221;RGBA(255,255,255,0)&#8221; width=&#8221;56%&#8221; module_alignment=&#8221;center&#8221; custom_margin=&#8221;21px||17px||false|false&#8221; custom_margin_tablet=&#8221;21px||17px||false|false&#8221; custom_margin_phone=&#8221;30px||35px||false|false&#8221; custom_margin_last_edited=&#8221;on|phone&#8221; border_radii=&#8221;on|39px|39px|39px|39px&#8221; border_width_all=&#8221;3px&#8221; global_colors_info=&#8221;{}&#8221;][\/et_pb_menu][et_pb_text _builder_version=&#8221;4.18.0&#8243; _module_preset=&#8221;default&#8221; header_font=&#8221;Montserrat||||||||&#8221; header_4_font=&#8221;Montserrat||||||||&#8221; custom_margin=&#8221;0px||||false|false&#8221; global_colors_info=&#8221;{}&#8221;]<\/p>\n<h4 style=\"text-align: center;\"><strong><span>Committed to a less complex and fragmented healthcare system<\/span><\/strong><\/h4>\n<div id=\"simple-translate\" class=\"simple-translate-light-theme\">\n<div>\n<div class=\"simple-translate-button isShow\" style=\"background-image: url('chrome-extension:\/\/cllnohpbfenopiakdcjmjcbaeapmkcdl\/icons\/512.png'); height: 22px; width: 22px; top: 28px; left: 14px;\"><\/div>\n<div class=\"simple-translate-panel \" style=\"width: 300px; height: 200px; top: 0px; left: 0px; font-size: 13px;\">\n<div class=\"simple-translate-result-wrapper\" style=\"overflow: hidden;\">\n<div class=\"simple-translate-move\" draggable=\"true\"><\/div>\n<div class=\"simple-translate-result-contents\">\n<p class=\"simple-translate-candidate\" dir=\"auto\">\n<\/div>\n<\/div>\n<\/div>\n<\/div>\n<\/div>\n<p>[\/et_pb_text][\/et_pb_column][\/et_pb_row][\/et_pb_section]<\/p>\n","protected":false},"excerpt":{"rendered":"<p>PHARMASEECommitted to a less complex and fragmented healthcare system<\/p>\n","protected":false},"author":1,"featured_media":0,"parent":0,"menu_order":0,"comment_status":"closed","ping_status":"closed","template":"page-template-blank.php","meta":{"_et_pb_use_builder":"on","_et_pb_old_content":"","_et_gb_content_width":"","footnotes":""},"class_list":["post-36434","page","type-page","status-publish","hentry"],"yoast_head":"<!-- This site is optimized with the Yoast SEO plugin v23.0 - https:\/\/yoast.com\/wordpress\/plugins\/seo\/ -->\n<title>Home - pharmasee.ch<\/title>\n<meta name=\"description\" content=\"PharmaSee creates multimedia content and organizes events and FPH postgraduate and continuing education courses.\" \/>\n<meta name=\"robots\" content=\"index, follow, max-snippet:-1, max-image-preview:large, max-video-preview:-1\" \/>\n<link rel=\"canonical\" href=\"https:\/\/pharmasee.ch\/en\/\" \/>\n<meta property=\"og:locale\" content=\"en_US\" \/>\n<meta property=\"og:type\" content=\"article\" \/>\n<meta property=\"og:title\" content=\"Home - pharmasee.ch\" \/>\n<meta property=\"og:description\" content=\"PharmaSee creates multimedia content and organizes events and FPH postgraduate and continuing education courses.\" \/>\n<meta property=\"og:url\" content=\"https:\/\/pharmasee.ch\/en\/\" \/>\n<meta property=\"og:site_name\" content=\"pharmasee.ch\" \/>\n<meta property=\"article:modified_time\" content=\"2026-01-27T11:23:49+00:00\" \/>\n<meta name=\"twitter:card\" content=\"summary_large_image\" \/>\n<meta name=\"twitter:label1\" content=\"Est. reading time\" \/>\n\t<meta name=\"twitter:data1\" content=\"3 minutes\" \/>\n<script type=\"application\/ld+json\" class=\"yoast-schema-graph\">{\"@context\":\"https:\/\/schema.org\",\"@graph\":[{\"@type\":\"WebPage\",\"@id\":\"https:\/\/pharmasee.ch\/en\/\",\"url\":\"https:\/\/pharmasee.ch\/en\/\",\"name\":\"Home - pharmasee.ch\",\"isPartOf\":{\"@id\":\"https:\/\/pharmasee.ch\/en\/#website\"},\"datePublished\":\"2021-07-14T09:24:49+00:00\",\"dateModified\":\"2026-01-27T11:23:49+00:00\",\"description\":\"PharmaSee creates multimedia content and organizes events and FPH postgraduate and continuing education courses.\",\"breadcrumb\":{\"@id\":\"https:\/\/pharmasee.ch\/en\/#breadcrumb\"},\"inLanguage\":\"en-US\",\"potentialAction\":[{\"@type\":\"ReadAction\",\"target\":[\"https:\/\/pharmasee.ch\/en\/\"]}]},{\"@type\":\"BreadcrumbList\",\"@id\":\"https:\/\/pharmasee.ch\/en\/#breadcrumb\",\"itemListElement\":[{\"@type\":\"ListItem\",\"position\":1,\"name\":\"Accueil\",\"item\":\"https:\/\/pharmasee.ch\/en\/\"},{\"@type\":\"ListItem\",\"position\":2,\"name\":\"Home\"}]},{\"@type\":\"WebSite\",\"@id\":\"https:\/\/pharmasee.ch\/en\/#website\",\"url\":\"https:\/\/pharmasee.ch\/en\/\",\"name\":\"pharmasee.ch\",\"description\":\"Pour un syst\u00e8me de sant\u00e9 moins complexe et fragment\u00e9\",\"publisher\":{\"@id\":\"https:\/\/pharmasee.ch\/en\/#organization\"},\"potentialAction\":[{\"@type\":\"SearchAction\",\"target\":{\"@type\":\"EntryPoint\",\"urlTemplate\":\"https:\/\/pharmasee.ch\/en\/?s={search_term_string}\"},\"query-input\":\"required name=search_term_string\"}],\"inLanguage\":\"en-US\"},{\"@type\":\"Organization\",\"@id\":\"https:\/\/pharmasee.ch\/en\/#organization\",\"name\":\"Pharmasee\",\"url\":\"https:\/\/pharmasee.ch\/en\/\",\"logo\":{\"@type\":\"ImageObject\",\"inLanguage\":\"en-US\",\"@id\":\"https:\/\/pharmasee.ch\/en\/#\/schema\/logo\/image\/\",\"url\":\"https:\/\/pharmasee.ch\/wp-content\/uploads\/2022\/03\/Logo-PharmaSee-noir-avec-texte-PNG.png\",\"contentUrl\":\"https:\/\/pharmasee.ch\/wp-content\/uploads\/2022\/03\/Logo-PharmaSee-noir-avec-texte-PNG.png\",\"width\":3931,\"height\":2232,\"caption\":\"Pharmasee\"},\"image\":{\"@id\":\"https:\/\/pharmasee.ch\/en\/#\/schema\/logo\/image\/\"},\"sameAs\":[\"https:\/\/www.linkedin.com\/company\/pharmasee\/\"]}]}<\/script>\n<!-- \/ Yoast SEO plugin. -->","yoast_head_json":{"title":"Home - pharmasee.ch","description":"PharmaSee creates multimedia content and organizes events and FPH postgraduate and continuing education courses.","robots":{"index":"index","follow":"follow","max-snippet":"max-snippet:-1","max-image-preview":"max-image-preview:large","max-video-preview":"max-video-preview:-1"},"canonical":"https:\/\/pharmasee.ch\/en\/","og_locale":"en_US","og_type":"article","og_title":"Home - pharmasee.ch","og_description":"PharmaSee creates multimedia content and organizes events and FPH postgraduate and continuing education courses.","og_url":"https:\/\/pharmasee.ch\/en\/","og_site_name":"pharmasee.ch","article_modified_time":"2026-01-27T11:23:49+00:00","twitter_card":"summary_large_image","twitter_misc":{"Est. reading time":"3 minutes"},"schema":{"@context":"https:\/\/schema.org","@graph":[{"@type":"WebPage","@id":"https:\/\/pharmasee.ch\/en\/","url":"https:\/\/pharmasee.ch\/en\/","name":"Home - pharmasee.ch","isPartOf":{"@id":"https:\/\/pharmasee.ch\/en\/#website"},"datePublished":"2021-07-14T09:24:49+00:00","dateModified":"2026-01-27T11:23:49+00:00","description":"PharmaSee creates multimedia content and organizes events and FPH postgraduate and continuing education courses.","breadcrumb":{"@id":"https:\/\/pharmasee.ch\/en\/#breadcrumb"},"inLanguage":"en-US","potentialAction":[{"@type":"ReadAction","target":["https:\/\/pharmasee.ch\/en\/"]}]},{"@type":"BreadcrumbList","@id":"https:\/\/pharmasee.ch\/en\/#breadcrumb","itemListElement":[{"@type":"ListItem","position":1,"name":"Accueil","item":"https:\/\/pharmasee.ch\/en\/"},{"@type":"ListItem","position":2,"name":"Home"}]},{"@type":"WebSite","@id":"https:\/\/pharmasee.ch\/en\/#website","url":"https:\/\/pharmasee.ch\/en\/","name":"pharmasee.ch","description":"Pour un syst\u00e8me de sant\u00e9 moins complexe et fragment\u00e9","publisher":{"@id":"https:\/\/pharmasee.ch\/en\/#organization"},"potentialAction":[{"@type":"SearchAction","target":{"@type":"EntryPoint","urlTemplate":"https:\/\/pharmasee.ch\/en\/?s={search_term_string}"},"query-input":"required name=search_term_string"}],"inLanguage":"en-US"},{"@type":"Organization","@id":"https:\/\/pharmasee.ch\/en\/#organization","name":"Pharmasee","url":"https:\/\/pharmasee.ch\/en\/","logo":{"@type":"ImageObject","inLanguage":"en-US","@id":"https:\/\/pharmasee.ch\/en\/#\/schema\/logo\/image\/","url":"https:\/\/pharmasee.ch\/wp-content\/uploads\/2022\/03\/Logo-PharmaSee-noir-avec-texte-PNG.png","contentUrl":"https:\/\/pharmasee.ch\/wp-content\/uploads\/2022\/03\/Logo-PharmaSee-noir-avec-texte-PNG.png","width":3931,"height":2232,"caption":"Pharmasee"},"image":{"@id":"https:\/\/pharmasee.ch\/en\/#\/schema\/logo\/image\/"},"sameAs":["https:\/\/www.linkedin.com\/company\/pharmasee\/"]}]}},"jetpack_sharing_enabled":true,"_links":{"self":[{"href":"https:\/\/pharmasee.ch\/en\/wp-json\/wp\/v2\/pages\/36434","targetHints":{"allow":["GET"]}}],"collection":[{"href":"https:\/\/pharmasee.ch\/en\/wp-json\/wp\/v2\/pages"}],"about":[{"href":"https:\/\/pharmasee.ch\/en\/wp-json\/wp\/v2\/types\/page"}],"author":[{"embeddable":true,"href":"https:\/\/pharmasee.ch\/en\/wp-json\/wp\/v2\/users\/1"}],"replies":[{"embeddable":true,"href":"https:\/\/pharmasee.ch\/en\/wp-json\/wp\/v2\/comments?post=36434"}],"version-history":[{"count":6,"href":"https:\/\/pharmasee.ch\/en\/wp-json\/wp\/v2\/pages\/36434\/revisions"}],"predecessor-version":[{"id":36469,"href":"https:\/\/pharmasee.ch\/en\/wp-json\/wp\/v2\/pages\/36434\/revisions\/36469"}],"wp:attachment":[{"href":"https:\/\/pharmasee.ch\/en\/wp-json\/wp\/v2\/media?parent=36434"}],"curies":[{"name":"wp","href":"https:\/\/api.w.org\/{rel}","templated":true}]}}