{"id":36747,"date":"2026-04-01T17:37:30","date_gmt":"2026-04-01T15:37:30","guid":{"rendered":"https:\/\/pharmasee.ch\/?post_type=product&#038;p=36747"},"modified":"2026-04-01T17:49:40","modified_gmt":"2026-04-01T15:49:40","slug":"e-learning-anamnese-in-der-grundversorgung-durch-pharmasee-die-grundlagen-fahigkeitsausweis-fph-anamnese-in-der-grundversorgung-rolle-1-inhaltsthema-5-copie","status":"publish","type":"product","link":"https:\/\/pharmasee.ch\/de\/produit\/e-learning-anamnese-in-der-grundversorgung-durch-pharmasee-die-grundlagen-fahigkeitsausweis-fph-anamnese-in-der-grundversorgung-rolle-1-inhaltsthema-5-copie\/","title":{"rendered":"E-learning : Anamnese in der Grundversorgung durch PharmaSee, die Grundlagen [F\u00e4higkeitsausweis FPH Anamnese in der Grundversorgung] (Rolle 1, Inhaltsthema 5) (Copie)"},"content":{"rendered":"<p style=\"text-align: justify;\">Dieses innovative E-Learning bietet Ihnen die M\u00f6glichkeit, die unerl\u00e4sslichen F\u00e4higkeiten zu beherrschen, um die h\u00e4ufigsten Gesundheitsst\u00f6rungen, die in der Offizin auftreten, effektiv zu diagnostizieren und zu behandeln. Wenn Sie dieses Programm absolvieren, erhalten Sie exklusiven Zugang zu allen Algorithmen von PharmaSee und deren Updates ohne zus\u00e4tzliche Kosten, um eine schnelle und sichere Entscheidungsfindung zu erm\u00f6glichen.<\/p>\n<p>Er ist zertifiziert f\u00fcr die Rolle 1 (Pharmazeutische\/r Experte\/in) Thema 5 (von der Anamnese bis zur Behandlung) der postgradualen FPH-Weiterbildung.<\/p>\n<p>Er ist zertifiziert f\u00fcr den Themenbereich 1 (Pharmazeutische Fachkompetenz) der Fortbildung.<\/p>\n<p>Er ist auch f\u00fcr das F\u00e4higkeitsausweis FPH Anamnese in der Grundversorgung zertifiziert.<\/p>\n<ul>\n<li>Weiterbildung Weiterbildung: Anamnese in der Prim\u00e4rversorgung: Grundlagen<\/li>\n<li>Fortbildung: Anamnese in der Prim\u00e4rversorgung<\/li>\n<\/ul>\n","protected":false},"excerpt":{"rendered":"<p>Dieses innovative E-Learning bietet Ihnen die M\u00f6glichkeit, die unerl\u00e4sslichen F\u00e4higkeiten zu beherrschen, um die h\u00e4ufigsten Gesundheitsst\u00f6rungen, die in der Offizin auftreten, effektiv zu diagnostizieren und zu behandeln. Wenn Sie dieses Programm absolvieren, erhalten Sie exklusiven Zugang zu allen Algorithmen von PharmaSee und deren Updates ohne zus\u00e4tzliche Kosten, um eine schnelle und sichere Entscheidungsfindung zu erm\u00f6glichen. [&hellip;]<\/p>\n","protected":false},"featured_media":34847,"comment_status":"open","ping_status":"closed","template":"","meta":{"_et_pb_use_builder":"","_et_pb_old_content":"","_et_gb_content_width":""},"product_cat":[156],"product_tag":[151,152],"role\/dc":[],"points":[],"langue":[],"fph":[],"typedeformation":[],"cible":[],"lingue":[],"destinatari":[],"fphtipi":[],"ruolo\/tema":[],"punti":[],"cptui_points":[],"cptui_public_cible":[],"de_type_de_fph":[],"de_langue":[],"de_role_et_domaine":[],"de_points":[],"class_list":{"0":"post-36747","1":"product","2":"type-product","3":"status-publish","4":"has-post-thumbnail","6":"product_cat-e-learning-de","7":"product_tag-apotheker-innen-in-fortbildung","8":"product_tag-apotheker-innen-in-weiterbildung","10":"first","11":"instock","12":"shipping-taxable","13":"product-type-external"},"yoast_head":"<!-- This site is optimized with the Yoast SEO plugin v23.0 - https:\/\/yoast.com\/wordpress\/plugins\/seo\/ -->\n<title>E-learning : Anamnese in der Grundversorgung durch PharmaSee, die Grundlagen [F\u00e4higkeitsausweis FPH Anamnese in der Grundversorgung] (Rolle 1, Inhaltsthema 5) (Copie) - pharmasee.ch<\/title>\n<meta name=\"robots\" content=\"index, follow, max-snippet:-1, max-image-preview:large, max-video-preview:-1\" \/>\n<link rel=\"canonical\" href=\"https:\/\/pharmasee.ch\/de\/produit\/e-learning-anamnese-in-der-grundversorgung-durch-pharmasee-die-grundlagen-fahigkeitsausweis-fph-anamnese-in-der-grundversorgung-rolle-1-inhaltsthema-5-copie\/\" \/>\n<meta property=\"og:locale\" content=\"de_DE\" \/>\n<meta property=\"og:type\" content=\"article\" \/>\n<meta property=\"og:title\" content=\"E-learning : Anamnese in der Grundversorgung durch PharmaSee, die Grundlagen [F\u00e4higkeitsausweis FPH Anamnese in der Grundversorgung] (Rolle 1, Inhaltsthema 5) (Copie) - pharmasee.ch\" \/>\n<meta property=\"og:description\" content=\"Dieses innovative E-Learning bietet Ihnen die M\u00f6glichkeit, die unerl\u00e4sslichen F\u00e4higkeiten zu beherrschen, um die h\u00e4ufigsten Gesundheitsst\u00f6rungen, die in der Offizin auftreten, effektiv zu diagnostizieren und zu behandeln. Wenn Sie dieses Programm absolvieren, erhalten Sie exklusiven Zugang zu allen Algorithmen von PharmaSee und deren Updates ohne zus\u00e4tzliche Kosten, um eine schnelle und sichere Entscheidungsfindung zu erm\u00f6glichen. [&hellip;]\" \/>\n<meta property=\"og:url\" content=\"https:\/\/pharmasee.ch\/de\/produit\/e-learning-anamnese-in-der-grundversorgung-durch-pharmasee-die-grundlagen-fahigkeitsausweis-fph-anamnese-in-der-grundversorgung-rolle-1-inhaltsthema-5-copie\/\" \/>\n<meta property=\"og:site_name\" content=\"pharmasee.ch\" \/>\n<meta property=\"article:modified_time\" content=\"2026-04-01T15:49:40+00:00\" \/>\n<meta property=\"og:image\" content=\"https:\/\/pharmasee.ch\/wp-content\/uploads\/2024\/05\/mise-en-avant-woocommerce-2.png\" \/>\n\t<meta property=\"og:image:width\" content=\"1000\" \/>\n\t<meta property=\"og:image:height\" content=\"1000\" \/>\n\t<meta property=\"og:image:type\" content=\"image\/png\" \/>\n<meta name=\"twitter:card\" content=\"summary_large_image\" \/>\n<meta name=\"twitter:label1\" content=\"Gesch\u00e4tzte Lesezeit\" \/>\n\t<meta name=\"twitter:data1\" content=\"1\u00a0Minute\" \/>\n<script type=\"application\/ld+json\" class=\"yoast-schema-graph\">{\"@context\":\"https:\/\/schema.org\",\"@graph\":[{\"@type\":\"WebPage\",\"@id\":\"https:\/\/pharmasee.ch\/de\/produit\/e-learning-anamnese-in-der-grundversorgung-durch-pharmasee-die-grundlagen-fahigkeitsausweis-fph-anamnese-in-der-grundversorgung-rolle-1-inhaltsthema-5-copie\/\",\"url\":\"https:\/\/pharmasee.ch\/de\/produit\/e-learning-anamnese-in-der-grundversorgung-durch-pharmasee-die-grundlagen-fahigkeitsausweis-fph-anamnese-in-der-grundversorgung-rolle-1-inhaltsthema-5-copie\/\",\"name\":\"E-learning : Anamnese in der Grundversorgung durch PharmaSee, die Grundlagen [F\u00e4higkeitsausweis FPH Anamnese in der Grundversorgung] (Rolle 1, Inhaltsthema 5) (Copie) - pharmasee.ch\",\"isPartOf\":{\"@id\":\"https:\/\/pharmasee.ch\/de\/#website\"},\"primaryImageOfPage\":{\"@id\":\"https:\/\/pharmasee.ch\/de\/produit\/e-learning-anamnese-in-der-grundversorgung-durch-pharmasee-die-grundlagen-fahigkeitsausweis-fph-anamnese-in-der-grundversorgung-rolle-1-inhaltsthema-5-copie\/#primaryimage\"},\"image\":{\"@id\":\"https:\/\/pharmasee.ch\/de\/produit\/e-learning-anamnese-in-der-grundversorgung-durch-pharmasee-die-grundlagen-fahigkeitsausweis-fph-anamnese-in-der-grundversorgung-rolle-1-inhaltsthema-5-copie\/#primaryimage\"},\"thumbnailUrl\":\"https:\/\/pharmasee.ch\/wp-content\/uploads\/2024\/05\/mise-en-avant-woocommerce-2.png\",\"datePublished\":\"2026-04-01T15:37:30+00:00\",\"dateModified\":\"2026-04-01T15:49:40+00:00\",\"breadcrumb\":{\"@id\":\"https:\/\/pharmasee.ch\/de\/produit\/e-learning-anamnese-in-der-grundversorgung-durch-pharmasee-die-grundlagen-fahigkeitsausweis-fph-anamnese-in-der-grundversorgung-rolle-1-inhaltsthema-5-copie\/#breadcrumb\"},\"inLanguage\":\"de\",\"potentialAction\":[{\"@type\":\"ReadAction\",\"target\":[\"https:\/\/pharmasee.ch\/de\/produit\/e-learning-anamnese-in-der-grundversorgung-durch-pharmasee-die-grundlagen-fahigkeitsausweis-fph-anamnese-in-der-grundversorgung-rolle-1-inhaltsthema-5-copie\/\"]}]},{\"@type\":\"ImageObject\",\"inLanguage\":\"de\",\"@id\":\"https:\/\/pharmasee.ch\/de\/produit\/e-learning-anamnese-in-der-grundversorgung-durch-pharmasee-die-grundlagen-fahigkeitsausweis-fph-anamnese-in-der-grundversorgung-rolle-1-inhaltsthema-5-copie\/#primaryimage\",\"url\":\"https:\/\/pharmasee.ch\/wp-content\/uploads\/2024\/05\/mise-en-avant-woocommerce-2.png\",\"contentUrl\":\"https:\/\/pharmasee.ch\/wp-content\/uploads\/2024\/05\/mise-en-avant-woocommerce-2.png\",\"width\":1000,\"height\":1000},{\"@type\":\"BreadcrumbList\",\"@id\":\"https:\/\/pharmasee.ch\/de\/produit\/e-learning-anamnese-in-der-grundversorgung-durch-pharmasee-die-grundlagen-fahigkeitsausweis-fph-anamnese-in-der-grundversorgung-rolle-1-inhaltsthema-5-copie\/#breadcrumb\",\"itemListElement\":[{\"@type\":\"ListItem\",\"position\":1,\"name\":\"Accueil\",\"item\":\"https:\/\/pharmasee.ch\/de\/startseite\/\"},{\"@type\":\"ListItem\",\"position\":2,\"name\":\"Boutique\",\"item\":\"https:\/\/pharmasee.ch\/boutique\/\"},{\"@type\":\"ListItem\",\"position\":3,\"name\":\"E-learning : Anamnese in der Grundversorgung durch PharmaSee, die Grundlagen [F\u00e4higkeitsausweis FPH Anamnese in der Grundversorgung] (Rolle 1, Inhaltsthema 5) (Copie)\"}]},{\"@type\":\"WebSite\",\"@id\":\"https:\/\/pharmasee.ch\/de\/#website\",\"url\":\"https:\/\/pharmasee.ch\/de\/\",\"name\":\"pharmasee.ch\",\"description\":\"Pour un syst\u00e8me de sant\u00e9 moins complexe et fragment\u00e9\",\"publisher\":{\"@id\":\"https:\/\/pharmasee.ch\/de\/#organization\"},\"potentialAction\":[{\"@type\":\"SearchAction\",\"target\":{\"@type\":\"EntryPoint\",\"urlTemplate\":\"https:\/\/pharmasee.ch\/de\/?s={search_term_string}\"},\"query-input\":\"required name=search_term_string\"}],\"inLanguage\":\"de\"},{\"@type\":\"Organization\",\"@id\":\"https:\/\/pharmasee.ch\/de\/#organization\",\"name\":\"Pharmasee\",\"url\":\"https:\/\/pharmasee.ch\/de\/\",\"logo\":{\"@type\":\"ImageObject\",\"inLanguage\":\"de\",\"@id\":\"https:\/\/pharmasee.ch\/de\/#\/schema\/logo\/image\/\",\"url\":\"https:\/\/pharmasee.ch\/wp-content\/uploads\/2022\/03\/Logo-PharmaSee-noir-avec-texte-PNG.png\",\"contentUrl\":\"https:\/\/pharmasee.ch\/wp-content\/uploads\/2022\/03\/Logo-PharmaSee-noir-avec-texte-PNG.png\",\"width\":3931,\"height\":2232,\"caption\":\"Pharmasee\"},\"image\":{\"@id\":\"https:\/\/pharmasee.ch\/de\/#\/schema\/logo\/image\/\"},\"sameAs\":[\"https:\/\/www.linkedin.com\/company\/pharmasee\/\"]}]}<\/script>\n<!-- \/ Yoast SEO plugin. -->","yoast_head_json":{"title":"E-learning : Anamnese in der Grundversorgung durch PharmaSee, die Grundlagen [F\u00e4higkeitsausweis FPH Anamnese in der Grundversorgung] (Rolle 1, Inhaltsthema 5) (Copie) - pharmasee.ch","robots":{"index":"index","follow":"follow","max-snippet":"max-snippet:-1","max-image-preview":"max-image-preview:large","max-video-preview":"max-video-preview:-1"},"canonical":"https:\/\/pharmasee.ch\/de\/produit\/e-learning-anamnese-in-der-grundversorgung-durch-pharmasee-die-grundlagen-fahigkeitsausweis-fph-anamnese-in-der-grundversorgung-rolle-1-inhaltsthema-5-copie\/","og_locale":"de_DE","og_type":"article","og_title":"E-learning : Anamnese in der Grundversorgung durch PharmaSee, die Grundlagen [F\u00e4higkeitsausweis FPH Anamnese in der Grundversorgung] (Rolle 1, Inhaltsthema 5) (Copie) - pharmasee.ch","og_description":"Dieses innovative E-Learning bietet Ihnen die M\u00f6glichkeit, die unerl\u00e4sslichen F\u00e4higkeiten zu beherrschen, um die h\u00e4ufigsten Gesundheitsst\u00f6rungen, die in der Offizin auftreten, effektiv zu diagnostizieren und zu behandeln. Wenn Sie dieses Programm absolvieren, erhalten Sie exklusiven Zugang zu allen Algorithmen von PharmaSee und deren Updates ohne zus\u00e4tzliche Kosten, um eine schnelle und sichere Entscheidungsfindung zu erm\u00f6glichen. [&hellip;]","og_url":"https:\/\/pharmasee.ch\/de\/produit\/e-learning-anamnese-in-der-grundversorgung-durch-pharmasee-die-grundlagen-fahigkeitsausweis-fph-anamnese-in-der-grundversorgung-rolle-1-inhaltsthema-5-copie\/","og_site_name":"pharmasee.ch","article_modified_time":"2026-04-01T15:49:40+00:00","og_image":[{"width":1000,"height":1000,"url":"https:\/\/pharmasee.ch\/wp-content\/uploads\/2024\/05\/mise-en-avant-woocommerce-2.png","type":"image\/png"}],"twitter_card":"summary_large_image","twitter_misc":{"Gesch\u00e4tzte Lesezeit":"1\u00a0Minute"},"schema":{"@context":"https:\/\/schema.org","@graph":[{"@type":"WebPage","@id":"https:\/\/pharmasee.ch\/de\/produit\/e-learning-anamnese-in-der-grundversorgung-durch-pharmasee-die-grundlagen-fahigkeitsausweis-fph-anamnese-in-der-grundversorgung-rolle-1-inhaltsthema-5-copie\/","url":"https:\/\/pharmasee.ch\/de\/produit\/e-learning-anamnese-in-der-grundversorgung-durch-pharmasee-die-grundlagen-fahigkeitsausweis-fph-anamnese-in-der-grundversorgung-rolle-1-inhaltsthema-5-copie\/","name":"E-learning : Anamnese in der Grundversorgung durch PharmaSee, die Grundlagen [F\u00e4higkeitsausweis FPH Anamnese in der Grundversorgung] (Rolle 1, Inhaltsthema 5) (Copie) - pharmasee.ch","isPartOf":{"@id":"https:\/\/pharmasee.ch\/de\/#website"},"primaryImageOfPage":{"@id":"https:\/\/pharmasee.ch\/de\/produit\/e-learning-anamnese-in-der-grundversorgung-durch-pharmasee-die-grundlagen-fahigkeitsausweis-fph-anamnese-in-der-grundversorgung-rolle-1-inhaltsthema-5-copie\/#primaryimage"},"image":{"@id":"https:\/\/pharmasee.ch\/de\/produit\/e-learning-anamnese-in-der-grundversorgung-durch-pharmasee-die-grundlagen-fahigkeitsausweis-fph-anamnese-in-der-grundversorgung-rolle-1-inhaltsthema-5-copie\/#primaryimage"},"thumbnailUrl":"https:\/\/pharmasee.ch\/wp-content\/uploads\/2024\/05\/mise-en-avant-woocommerce-2.png","datePublished":"2026-04-01T15:37:30+00:00","dateModified":"2026-04-01T15:49:40+00:00","breadcrumb":{"@id":"https:\/\/pharmasee.ch\/de\/produit\/e-learning-anamnese-in-der-grundversorgung-durch-pharmasee-die-grundlagen-fahigkeitsausweis-fph-anamnese-in-der-grundversorgung-rolle-1-inhaltsthema-5-copie\/#breadcrumb"},"inLanguage":"de","potentialAction":[{"@type":"ReadAction","target":["https:\/\/pharmasee.ch\/de\/produit\/e-learning-anamnese-in-der-grundversorgung-durch-pharmasee-die-grundlagen-fahigkeitsausweis-fph-anamnese-in-der-grundversorgung-rolle-1-inhaltsthema-5-copie\/"]}]},{"@type":"ImageObject","inLanguage":"de","@id":"https:\/\/pharmasee.ch\/de\/produit\/e-learning-anamnese-in-der-grundversorgung-durch-pharmasee-die-grundlagen-fahigkeitsausweis-fph-anamnese-in-der-grundversorgung-rolle-1-inhaltsthema-5-copie\/#primaryimage","url":"https:\/\/pharmasee.ch\/wp-content\/uploads\/2024\/05\/mise-en-avant-woocommerce-2.png","contentUrl":"https:\/\/pharmasee.ch\/wp-content\/uploads\/2024\/05\/mise-en-avant-woocommerce-2.png","width":1000,"height":1000},{"@type":"BreadcrumbList","@id":"https:\/\/pharmasee.ch\/de\/produit\/e-learning-anamnese-in-der-grundversorgung-durch-pharmasee-die-grundlagen-fahigkeitsausweis-fph-anamnese-in-der-grundversorgung-rolle-1-inhaltsthema-5-copie\/#breadcrumb","itemListElement":[{"@type":"ListItem","position":1,"name":"Accueil","item":"https:\/\/pharmasee.ch\/de\/startseite\/"},{"@type":"ListItem","position":2,"name":"Boutique","item":"https:\/\/pharmasee.ch\/boutique\/"},{"@type":"ListItem","position":3,"name":"E-learning : Anamnese in der Grundversorgung durch PharmaSee, die Grundlagen [F\u00e4higkeitsausweis FPH Anamnese in der Grundversorgung] (Rolle 1, Inhaltsthema 5) (Copie)"}]},{"@type":"WebSite","@id":"https:\/\/pharmasee.ch\/de\/#website","url":"https:\/\/pharmasee.ch\/de\/","name":"pharmasee.ch","description":"Pour un syst\u00e8me de sant\u00e9 moins complexe et fragment\u00e9","publisher":{"@id":"https:\/\/pharmasee.ch\/de\/#organization"},"potentialAction":[{"@type":"SearchAction","target":{"@type":"EntryPoint","urlTemplate":"https:\/\/pharmasee.ch\/de\/?s={search_term_string}"},"query-input":"required name=search_term_string"}],"inLanguage":"de"},{"@type":"Organization","@id":"https:\/\/pharmasee.ch\/de\/#organization","name":"Pharmasee","url":"https:\/\/pharmasee.ch\/de\/","logo":{"@type":"ImageObject","inLanguage":"de","@id":"https:\/\/pharmasee.ch\/de\/#\/schema\/logo\/image\/","url":"https:\/\/pharmasee.ch\/wp-content\/uploads\/2022\/03\/Logo-PharmaSee-noir-avec-texte-PNG.png","contentUrl":"https:\/\/pharmasee.ch\/wp-content\/uploads\/2022\/03\/Logo-PharmaSee-noir-avec-texte-PNG.png","width":3931,"height":2232,"caption":"Pharmasee"},"image":{"@id":"https:\/\/pharmasee.ch\/de\/#\/schema\/logo\/image\/"},"sameAs":["https:\/\/www.linkedin.com\/company\/pharmasee\/"]}]}},"jetpack_sharing_enabled":true,"_links":{"self":[{"href":"https:\/\/pharmasee.ch\/de\/wp-json\/wp\/v2\/product\/36747","targetHints":{"allow":["GET"]}}],"collection":[{"href":"https:\/\/pharmasee.ch\/de\/wp-json\/wp\/v2\/product"}],"about":[{"href":"https:\/\/pharmasee.ch\/de\/wp-json\/wp\/v2\/types\/product"}],"replies":[{"embeddable":true,"href":"https:\/\/pharmasee.ch\/de\/wp-json\/wp\/v2\/comments?post=36747"}],"wp:featuredmedia":[{"embeddable":true,"href":"https:\/\/pharmasee.ch\/de\/wp-json\/wp\/v2\/media\/34847"}],"wp:attachment":[{"href":"https:\/\/pharmasee.ch\/de\/wp-json\/wp\/v2\/media?parent=36747"}],"wp:term":[{"taxonomy":"product_cat","embeddable":true,"href":"https:\/\/pharmasee.ch\/de\/wp-json\/wp\/v2\/product_cat?post=36747"},{"taxonomy":"product_tag","embeddable":true,"href":"https:\/\/pharmasee.ch\/de\/wp-json\/wp\/v2\/product_tag?post=36747"},{"taxonomy":"role\/dc","embeddable":true,"href":"https:\/\/pharmasee.ch\/de\/wp-json\/wp\/v2\/role\/dc?post=36747"},{"taxonomy":"points","embeddable":true,"href":"https:\/\/pharmasee.ch\/de\/wp-json\/wp\/v2\/points?post=36747"},{"taxonomy":"langue","embeddable":true,"href":"https:\/\/pharmasee.ch\/de\/wp-json\/wp\/v2\/langue?post=36747"},{"taxonomy":"fph","embeddable":true,"href":"https:\/\/pharmasee.ch\/de\/wp-json\/wp\/v2\/fph?post=36747"},{"taxonomy":"typedeformation","embeddable":true,"href":"https:\/\/pharmasee.ch\/de\/wp-json\/wp\/v2\/typedeformation?post=36747"},{"taxonomy":"cible","embeddable":true,"href":"https:\/\/pharmasee.ch\/de\/wp-json\/wp\/v2\/cible?post=36747"},{"taxonomy":"lingue","embeddable":true,"href":"https:\/\/pharmasee.ch\/de\/wp-json\/wp\/v2\/lingue?post=36747"},{"taxonomy":"destinatari","embeddable":true,"href":"https:\/\/pharmasee.ch\/de\/wp-json\/wp\/v2\/destinatari?post=36747"},{"taxonomy":"fphtipi","embeddable":true,"href":"https:\/\/pharmasee.ch\/de\/wp-json\/wp\/v2\/fphtipi?post=36747"},{"taxonomy":"ruolo\/tema","embeddable":true,"href":"https:\/\/pharmasee.ch\/de\/wp-json\/wp\/v2\/ruolo\/tema?post=36747"},{"taxonomy":"punti","embeddable":true,"href":"https:\/\/pharmasee.ch\/de\/wp-json\/wp\/v2\/punti?post=36747"},{"taxonomy":"cptui_points","embeddable":true,"href":"https:\/\/pharmasee.ch\/de\/wp-json\/wp\/v2\/cptui_points?post=36747"},{"taxonomy":"cptui_public_cible","embeddable":true,"href":"https:\/\/pharmasee.ch\/de\/wp-json\/wp\/v2\/cptui_public_cible?post=36747"},{"taxonomy":"de_type_de_fph","embeddable":true,"href":"https:\/\/pharmasee.ch\/de\/wp-json\/wp\/v2\/de_type_de_fph?post=36747"},{"taxonomy":"de_langue","embeddable":true,"href":"https:\/\/pharmasee.ch\/de\/wp-json\/wp\/v2\/de_langue?post=36747"},{"taxonomy":"de_role_et_domaine","embeddable":true,"href":"https:\/\/pharmasee.ch\/de\/wp-json\/wp\/v2\/de_role_et_domaine?post=36747"},{"taxonomy":"de_points","embeddable":true,"href":"https:\/\/pharmasee.ch\/de\/wp-json\/wp\/v2\/de_points?post=36747"}],"curies":[{"name":"wp","href":"https:\/\/api.w.org\/{rel}","templated":true}]}}