{"id":35410,"date":"2022-06-02T12:11:12","date_gmt":"2022-06-02T10:11:12","guid":{"rendered":"https:\/\/pharmasee.ch\/produit\/meine-leistung-in-der-apotheke-experte-fuer-diabetocheck-werden-rolle-1-thema-5\/"},"modified":"2025-09-30T15:25:23","modified_gmt":"2025-09-30T13:25:23","slug":"meine-leistung-in-der-apotheke-experte-fuer-diabetocheck-werden-rolle-1-thema-5","status":"publish","type":"product","link":"https:\/\/pharmasee.ch\/de\/produit\/meine-leistung-in-der-apotheke-experte-fuer-diabetocheck-werden-rolle-1-thema-5\/","title":{"rendered":"Meine Leistung in der Apotheke: Experte f\u00fcr DiabetoCheck werden (Rolle 1, Thema 5)"},"content":{"rendered":"<p style=\"text-align: justify;\">Dieser Kurs zielt darauf ab, Apotheker mit den notwendigen Kenntnissen und F\u00e4higkeiten auszustatten, um Experten f\u00fcr Diabetes-Screening zu werden.<br \/>\nEr wird eine genaue Interpretation der Ergebnisse erm\u00f6glichen und die F\u00e4higkeit, Patienten effektiv \u00fcber die Risiken und Herausforderungen dieser Krankheit zu beraten.<br \/>\nDar\u00fcber hinaus wird der Kurs die Instrumente f\u00fcr eine individuelle Beratung bereitstellen, die auf die Ern\u00e4hrungsbed\u00fcrfnisse und den Lebensstil der Patienten abgestimmt ist.<\/p>\n<p style=\"text-align: justify;\">Sie ist f\u00fcr die Rolle 5 (Gesundheitsberater\/in und Sprecher\/in) Thema 1 (\u00d6ffentliche Gesundheit) der FPH-Weiterbildung zertifiziert.<\/p>\n<p style=\"text-align: justify;\">Sie ist auch f\u00fcr den Themenbereich 2 (<span class=\"OYPEnA text-decoration-none text-strikethrough-none\">Erg\u00e4nzende Schl\u00fcsselkompetenzen<\/span>) der beruflichen Weiterbildung zertifiziert.<\/p>\n<p>Sie ist zertifiziert f\u00fcr die postgraduale Ausbildung: Anamnese in der Prim\u00e4rversorgung: Klinik und Diagnose und die Fortbildung: Anamnese in der Prim\u00e4rversorgung.<\/p>\n","protected":false},"excerpt":{"rendered":"<p>Trainieren Sie mit Coraline Baulet und Massimo Contesse<\/p>\n","protected":false},"featured_media":34847,"comment_status":"open","ping_status":"closed","template":"","meta":{"_et_pb_use_builder":"off","_et_pb_old_content":"<p style=\"text-align: justify\">Dieser Kurs zielt darauf ab, Apotheker mit den notwendigen Kenntnissen und F\u00e4higkeiten auszustatten, um Experten f\u00fcr Diabetes-Screening zu werden.\r\nEr wird eine genaue Interpretation der Ergebnisse erm\u00f6glichen und die F\u00e4higkeit, Patienten effektiv \u00fcber die Risiken und Herausforderungen dieser Krankheit zu beraten.\r\nDar\u00fcber hinaus wird der Kurs die Instrumente f\u00fcr eine individuelle Beratung bereitstellen, die auf die Ern\u00e4hrungsbed\u00fcrfnisse und den Lebensstil der Patienten abgestimmt ist.  <\/p>\r\n<p style=\"text-align: justify\">Sie ist f\u00fcr die Rolle 5 (Gesundheitsberater\/in und Sprecher\/in) Thema 1 (\u00d6ffentliche Gesundheit) der FPH-Weiterbildung zertifiziert.<\/p>\r\n<p style=\"text-align: justify\">Sie ist auch f\u00fcr den Kompetenzbereich 3 (Managementkompetenzen (DC3)) der beruflichen Weiterbildung zertifiziert.<\/p>  Sie ist zertifiziert f\u00fcr die Weiterbildung: Anamnese in der Prim\u00e4rversorgung: Klinik und Diagnose und die Fortbildung: Anamnese in der Prim\u00e4rversorgung.","_et_gb_content_width":""},"product_cat":[155,154],"product_tag":[151,152,150],"role\/dc":[165,160],"points":[222],"langue":[172],"fph":[221,171],"typedeformation":[179,174],"cible":[169,170,168],"lingue":[],"destinatari":[],"fphtipi":[],"ruolo\/tema":[],"punti":[],"cptui_points":[],"cptui_public_cible":[220,219,218],"de_type_de_fph":[255,257],"de_langue":[258],"de_role_et_domaine":[261,263],"de_points":[265],"class_list":{"0":"post-35410","1":"product","2":"type-product","3":"status-publish","4":"has-post-thumbnail","6":"product_cat-hybrides-prasenztraining-e-learning","7":"product_cat-prasenztraining","8":"product_tag-apotheker-innen-in-fortbildung","9":"product_tag-apotheker-innen-in-weiterbildung","10":"product_tag-pharma-assistent-innen","11":"roledc-rolle-5","12":"roledc-themenkreis-2","13":"points-50-0-de","14":"langue-de-de","15":"fph-fph-zusatzausbildungszertifikat-anamnese-in-der-primarversorgung","16":"fph-postgraduale-weiterbildung-fachapotheker-in-offizinpharmazie","17":"typedeformation-hybride-prasenzschulung-e-learning","18":"typedeformation-prasenztraining","19":"cible-apotheker-innen-in-fortbildung","20":"cible-apotheker-innen-in-weiterbildung","21":"cible-pharma-assistent-innen","22":"cptui_public_cible-apotheke-fachfrau-fachmann-de","23":"cptui_public_cible-apotheker-in-in-fortbildung-de","24":"cptui_public_cible-apotheker-in-in-weiterbildung-de","25":"de_type_de_fph-faehigkeitausweis-fph-anamnese-in-der-grunversorgung-de","26":"de_type_de_fph-postgraduale-weiterbildung-fachapotheker-in-offizinpharmazie-de","27":"de_langue-de-de","28":"de_role_et_domaine-rolle-5-de","29":"de_role_et_domaine-themenkreis-2-de","30":"de_points-50-0-de","32":"first","33":"instock","34":"shipping-taxable","35":"product-type-external"},"yoast_head":"<!-- This site is optimized with the Yoast SEO plugin v23.0 - https:\/\/yoast.com\/wordpress\/plugins\/seo\/ -->\n<title>Meine Leistung in der Apotheke: Experte f\u00fcr DiabetoCheck werden (Rolle 1, Thema 5) - pharmasee.ch<\/title>\n<meta name=\"robots\" content=\"index, follow, max-snippet:-1, max-image-preview:large, max-video-preview:-1\" \/>\n<link rel=\"canonical\" href=\"https:\/\/pharmasee.ch\/de\/produit\/meine-leistung-in-der-apotheke-experte-fuer-diabetocheck-werden-rolle-1-thema-5\/\" \/>\n<meta property=\"og:locale\" content=\"de_DE\" \/>\n<meta property=\"og:type\" content=\"article\" \/>\n<meta property=\"og:title\" content=\"Meine Leistung in der Apotheke: Experte f\u00fcr DiabetoCheck werden (Rolle 1, Thema 5) - pharmasee.ch\" \/>\n<meta property=\"og:description\" content=\"Trainieren Sie mit Coraline Baulet und Massimo Contesse\" \/>\n<meta property=\"og:url\" content=\"https:\/\/pharmasee.ch\/de\/produit\/meine-leistung-in-der-apotheke-experte-fuer-diabetocheck-werden-rolle-1-thema-5\/\" \/>\n<meta property=\"og:site_name\" content=\"pharmasee.ch\" \/>\n<meta property=\"article:modified_time\" content=\"2025-09-30T13:25:23+00:00\" \/>\n<meta property=\"og:image\" content=\"https:\/\/pharmasee.ch\/wp-content\/uploads\/2024\/05\/mise-en-avant-woocommerce-2.png\" \/>\n\t<meta property=\"og:image:width\" content=\"1000\" \/>\n\t<meta property=\"og:image:height\" content=\"1000\" \/>\n\t<meta property=\"og:image:type\" content=\"image\/png\" \/>\n<meta name=\"twitter:card\" content=\"summary_large_image\" \/>\n<meta name=\"twitter:label1\" content=\"Gesch\u00e4tzte Lesezeit\" \/>\n\t<meta name=\"twitter:data1\" content=\"1\u00a0Minute\" \/>\n<script type=\"application\/ld+json\" class=\"yoast-schema-graph\">{\"@context\":\"https:\/\/schema.org\",\"@graph\":[{\"@type\":\"WebPage\",\"@id\":\"https:\/\/pharmasee.ch\/de\/produit\/meine-leistung-in-der-apotheke-experte-fuer-diabetocheck-werden-rolle-1-thema-5\/\",\"url\":\"https:\/\/pharmasee.ch\/de\/produit\/meine-leistung-in-der-apotheke-experte-fuer-diabetocheck-werden-rolle-1-thema-5\/\",\"name\":\"Meine Leistung in der Apotheke: Experte f\u00fcr DiabetoCheck werden (Rolle 1, Thema 5) - pharmasee.ch\",\"isPartOf\":{\"@id\":\"https:\/\/pharmasee.ch\/de\/#website\"},\"primaryImageOfPage\":{\"@id\":\"https:\/\/pharmasee.ch\/de\/produit\/meine-leistung-in-der-apotheke-experte-fuer-diabetocheck-werden-rolle-1-thema-5\/#primaryimage\"},\"image\":{\"@id\":\"https:\/\/pharmasee.ch\/de\/produit\/meine-leistung-in-der-apotheke-experte-fuer-diabetocheck-werden-rolle-1-thema-5\/#primaryimage\"},\"thumbnailUrl\":\"https:\/\/pharmasee.ch\/wp-content\/uploads\/2024\/05\/mise-en-avant-woocommerce-2.png\",\"datePublished\":\"2022-06-02T10:11:12+00:00\",\"dateModified\":\"2025-09-30T13:25:23+00:00\",\"breadcrumb\":{\"@id\":\"https:\/\/pharmasee.ch\/de\/produit\/meine-leistung-in-der-apotheke-experte-fuer-diabetocheck-werden-rolle-1-thema-5\/#breadcrumb\"},\"inLanguage\":\"de\",\"potentialAction\":[{\"@type\":\"ReadAction\",\"target\":[\"https:\/\/pharmasee.ch\/de\/produit\/meine-leistung-in-der-apotheke-experte-fuer-diabetocheck-werden-rolle-1-thema-5\/\"]}]},{\"@type\":\"ImageObject\",\"inLanguage\":\"de\",\"@id\":\"https:\/\/pharmasee.ch\/de\/produit\/meine-leistung-in-der-apotheke-experte-fuer-diabetocheck-werden-rolle-1-thema-5\/#primaryimage\",\"url\":\"https:\/\/pharmasee.ch\/wp-content\/uploads\/2024\/05\/mise-en-avant-woocommerce-2.png\",\"contentUrl\":\"https:\/\/pharmasee.ch\/wp-content\/uploads\/2024\/05\/mise-en-avant-woocommerce-2.png\",\"width\":1000,\"height\":1000},{\"@type\":\"BreadcrumbList\",\"@id\":\"https:\/\/pharmasee.ch\/de\/produit\/meine-leistung-in-der-apotheke-experte-fuer-diabetocheck-werden-rolle-1-thema-5\/#breadcrumb\",\"itemListElement\":[{\"@type\":\"ListItem\",\"position\":1,\"name\":\"Accueil\",\"item\":\"https:\/\/pharmasee.ch\/de\/startseite\/\"},{\"@type\":\"ListItem\",\"position\":2,\"name\":\"Boutique\",\"item\":\"https:\/\/pharmasee.ch\/boutique\/\"},{\"@type\":\"ListItem\",\"position\":3,\"name\":\"Meine Leistung in der Apotheke: Experte f\u00fcr DiabetoCheck werden (Rolle 1, Thema 5)\"}]},{\"@type\":\"WebSite\",\"@id\":\"https:\/\/pharmasee.ch\/de\/#website\",\"url\":\"https:\/\/pharmasee.ch\/de\/\",\"name\":\"pharmasee.ch\",\"description\":\"Pour un syst\u00e8me de sant\u00e9 moins complexe et fragment\u00e9\",\"publisher\":{\"@id\":\"https:\/\/pharmasee.ch\/de\/#organization\"},\"potentialAction\":[{\"@type\":\"SearchAction\",\"target\":{\"@type\":\"EntryPoint\",\"urlTemplate\":\"https:\/\/pharmasee.ch\/de\/?s={search_term_string}\"},\"query-input\":\"required name=search_term_string\"}],\"inLanguage\":\"de\"},{\"@type\":\"Organization\",\"@id\":\"https:\/\/pharmasee.ch\/de\/#organization\",\"name\":\"Pharmasee\",\"url\":\"https:\/\/pharmasee.ch\/de\/\",\"logo\":{\"@type\":\"ImageObject\",\"inLanguage\":\"de\",\"@id\":\"https:\/\/pharmasee.ch\/de\/#\/schema\/logo\/image\/\",\"url\":\"https:\/\/pharmasee.ch\/wp-content\/uploads\/2022\/03\/Logo-PharmaSee-noir-avec-texte-PNG.png\",\"contentUrl\":\"https:\/\/pharmasee.ch\/wp-content\/uploads\/2022\/03\/Logo-PharmaSee-noir-avec-texte-PNG.png\",\"width\":3931,\"height\":2232,\"caption\":\"Pharmasee\"},\"image\":{\"@id\":\"https:\/\/pharmasee.ch\/de\/#\/schema\/logo\/image\/\"},\"sameAs\":[\"https:\/\/www.linkedin.com\/company\/pharmasee\/\"]}]}<\/script>\n<!-- \/ Yoast SEO plugin. -->","yoast_head_json":{"title":"Meine Leistung in der Apotheke: Experte f\u00fcr DiabetoCheck werden (Rolle 1, Thema 5) - pharmasee.ch","robots":{"index":"index","follow":"follow","max-snippet":"max-snippet:-1","max-image-preview":"max-image-preview:large","max-video-preview":"max-video-preview:-1"},"canonical":"https:\/\/pharmasee.ch\/de\/produit\/meine-leistung-in-der-apotheke-experte-fuer-diabetocheck-werden-rolle-1-thema-5\/","og_locale":"de_DE","og_type":"article","og_title":"Meine Leistung in der Apotheke: Experte f\u00fcr DiabetoCheck werden (Rolle 1, Thema 5) - pharmasee.ch","og_description":"Trainieren Sie mit Coraline Baulet und Massimo Contesse","og_url":"https:\/\/pharmasee.ch\/de\/produit\/meine-leistung-in-der-apotheke-experte-fuer-diabetocheck-werden-rolle-1-thema-5\/","og_site_name":"pharmasee.ch","article_modified_time":"2025-09-30T13:25:23+00:00","og_image":[{"width":1000,"height":1000,"url":"https:\/\/pharmasee.ch\/wp-content\/uploads\/2024\/05\/mise-en-avant-woocommerce-2.png","type":"image\/png"}],"twitter_card":"summary_large_image","twitter_misc":{"Gesch\u00e4tzte Lesezeit":"1\u00a0Minute"},"schema":{"@context":"https:\/\/schema.org","@graph":[{"@type":"WebPage","@id":"https:\/\/pharmasee.ch\/de\/produit\/meine-leistung-in-der-apotheke-experte-fuer-diabetocheck-werden-rolle-1-thema-5\/","url":"https:\/\/pharmasee.ch\/de\/produit\/meine-leistung-in-der-apotheke-experte-fuer-diabetocheck-werden-rolle-1-thema-5\/","name":"Meine Leistung in der Apotheke: Experte f\u00fcr DiabetoCheck werden (Rolle 1, Thema 5) - pharmasee.ch","isPartOf":{"@id":"https:\/\/pharmasee.ch\/de\/#website"},"primaryImageOfPage":{"@id":"https:\/\/pharmasee.ch\/de\/produit\/meine-leistung-in-der-apotheke-experte-fuer-diabetocheck-werden-rolle-1-thema-5\/#primaryimage"},"image":{"@id":"https:\/\/pharmasee.ch\/de\/produit\/meine-leistung-in-der-apotheke-experte-fuer-diabetocheck-werden-rolle-1-thema-5\/#primaryimage"},"thumbnailUrl":"https:\/\/pharmasee.ch\/wp-content\/uploads\/2024\/05\/mise-en-avant-woocommerce-2.png","datePublished":"2022-06-02T10:11:12+00:00","dateModified":"2025-09-30T13:25:23+00:00","breadcrumb":{"@id":"https:\/\/pharmasee.ch\/de\/produit\/meine-leistung-in-der-apotheke-experte-fuer-diabetocheck-werden-rolle-1-thema-5\/#breadcrumb"},"inLanguage":"de","potentialAction":[{"@type":"ReadAction","target":["https:\/\/pharmasee.ch\/de\/produit\/meine-leistung-in-der-apotheke-experte-fuer-diabetocheck-werden-rolle-1-thema-5\/"]}]},{"@type":"ImageObject","inLanguage":"de","@id":"https:\/\/pharmasee.ch\/de\/produit\/meine-leistung-in-der-apotheke-experte-fuer-diabetocheck-werden-rolle-1-thema-5\/#primaryimage","url":"https:\/\/pharmasee.ch\/wp-content\/uploads\/2024\/05\/mise-en-avant-woocommerce-2.png","contentUrl":"https:\/\/pharmasee.ch\/wp-content\/uploads\/2024\/05\/mise-en-avant-woocommerce-2.png","width":1000,"height":1000},{"@type":"BreadcrumbList","@id":"https:\/\/pharmasee.ch\/de\/produit\/meine-leistung-in-der-apotheke-experte-fuer-diabetocheck-werden-rolle-1-thema-5\/#breadcrumb","itemListElement":[{"@type":"ListItem","position":1,"name":"Accueil","item":"https:\/\/pharmasee.ch\/de\/startseite\/"},{"@type":"ListItem","position":2,"name":"Boutique","item":"https:\/\/pharmasee.ch\/boutique\/"},{"@type":"ListItem","position":3,"name":"Meine Leistung in der Apotheke: Experte f\u00fcr DiabetoCheck werden (Rolle 1, Thema 5)"}]},{"@type":"WebSite","@id":"https:\/\/pharmasee.ch\/de\/#website","url":"https:\/\/pharmasee.ch\/de\/","name":"pharmasee.ch","description":"Pour un syst\u00e8me de sant\u00e9 moins complexe et fragment\u00e9","publisher":{"@id":"https:\/\/pharmasee.ch\/de\/#organization"},"potentialAction":[{"@type":"SearchAction","target":{"@type":"EntryPoint","urlTemplate":"https:\/\/pharmasee.ch\/de\/?s={search_term_string}"},"query-input":"required name=search_term_string"}],"inLanguage":"de"},{"@type":"Organization","@id":"https:\/\/pharmasee.ch\/de\/#organization","name":"Pharmasee","url":"https:\/\/pharmasee.ch\/de\/","logo":{"@type":"ImageObject","inLanguage":"de","@id":"https:\/\/pharmasee.ch\/de\/#\/schema\/logo\/image\/","url":"https:\/\/pharmasee.ch\/wp-content\/uploads\/2022\/03\/Logo-PharmaSee-noir-avec-texte-PNG.png","contentUrl":"https:\/\/pharmasee.ch\/wp-content\/uploads\/2022\/03\/Logo-PharmaSee-noir-avec-texte-PNG.png","width":3931,"height":2232,"caption":"Pharmasee"},"image":{"@id":"https:\/\/pharmasee.ch\/de\/#\/schema\/logo\/image\/"},"sameAs":["https:\/\/www.linkedin.com\/company\/pharmasee\/"]}]}},"jetpack_sharing_enabled":true,"_links":{"self":[{"href":"https:\/\/pharmasee.ch\/de\/wp-json\/wp\/v2\/product\/35410","targetHints":{"allow":["GET"]}}],"collection":[{"href":"https:\/\/pharmasee.ch\/de\/wp-json\/wp\/v2\/product"}],"about":[{"href":"https:\/\/pharmasee.ch\/de\/wp-json\/wp\/v2\/types\/product"}],"replies":[{"embeddable":true,"href":"https:\/\/pharmasee.ch\/de\/wp-json\/wp\/v2\/comments?post=35410"}],"wp:featuredmedia":[{"embeddable":true,"href":"https:\/\/pharmasee.ch\/de\/wp-json\/wp\/v2\/media\/34847"}],"wp:attachment":[{"href":"https:\/\/pharmasee.ch\/de\/wp-json\/wp\/v2\/media?parent=35410"}],"wp:term":[{"taxonomy":"product_cat","embeddable":true,"href":"https:\/\/pharmasee.ch\/de\/wp-json\/wp\/v2\/product_cat?post=35410"},{"taxonomy":"product_tag","embeddable":true,"href":"https:\/\/pharmasee.ch\/de\/wp-json\/wp\/v2\/product_tag?post=35410"},{"taxonomy":"role\/dc","embeddable":true,"href":"https:\/\/pharmasee.ch\/de\/wp-json\/wp\/v2\/role\/dc?post=35410"},{"taxonomy":"points","embeddable":true,"href":"https:\/\/pharmasee.ch\/de\/wp-json\/wp\/v2\/points?post=35410"},{"taxonomy":"langue","embeddable":true,"href":"https:\/\/pharmasee.ch\/de\/wp-json\/wp\/v2\/langue?post=35410"},{"taxonomy":"fph","embeddable":true,"href":"https:\/\/pharmasee.ch\/de\/wp-json\/wp\/v2\/fph?post=35410"},{"taxonomy":"typedeformation","embeddable":true,"href":"https:\/\/pharmasee.ch\/de\/wp-json\/wp\/v2\/typedeformation?post=35410"},{"taxonomy":"cible","embeddable":true,"href":"https:\/\/pharmasee.ch\/de\/wp-json\/wp\/v2\/cible?post=35410"},{"taxonomy":"lingue","embeddable":true,"href":"https:\/\/pharmasee.ch\/de\/wp-json\/wp\/v2\/lingue?post=35410"},{"taxonomy":"destinatari","embeddable":true,"href":"https:\/\/pharmasee.ch\/de\/wp-json\/wp\/v2\/destinatari?post=35410"},{"taxonomy":"fphtipi","embeddable":true,"href":"https:\/\/pharmasee.ch\/de\/wp-json\/wp\/v2\/fphtipi?post=35410"},{"taxonomy":"ruolo\/tema","embeddable":true,"href":"https:\/\/pharmasee.ch\/de\/wp-json\/wp\/v2\/ruolo\/tema?post=35410"},{"taxonomy":"punti","embeddable":true,"href":"https:\/\/pharmasee.ch\/de\/wp-json\/wp\/v2\/punti?post=35410"},{"taxonomy":"cptui_points","embeddable":true,"href":"https:\/\/pharmasee.ch\/de\/wp-json\/wp\/v2\/cptui_points?post=35410"},{"taxonomy":"cptui_public_cible","embeddable":true,"href":"https:\/\/pharmasee.ch\/de\/wp-json\/wp\/v2\/cptui_public_cible?post=35410"},{"taxonomy":"de_type_de_fph","embeddable":true,"href":"https:\/\/pharmasee.ch\/de\/wp-json\/wp\/v2\/de_type_de_fph?post=35410"},{"taxonomy":"de_langue","embeddable":true,"href":"https:\/\/pharmasee.ch\/de\/wp-json\/wp\/v2\/de_langue?post=35410"},{"taxonomy":"de_role_et_domaine","embeddable":true,"href":"https:\/\/pharmasee.ch\/de\/wp-json\/wp\/v2\/de_role_et_domaine?post=35410"},{"taxonomy":"de_points","embeddable":true,"href":"https:\/\/pharmasee.ch\/de\/wp-json\/wp\/v2\/de_points?post=35410"}],"curies":[{"name":"wp","href":"https:\/\/api.w.org\/{rel}","templated":true}]}}