{"id":34972,"date":"2023-01-01T04:12:50","date_gmt":"2023-01-01T03:12:50","guid":{"rendered":"https:\/\/pharmasee.ch\/produit\/das-schweizer-apothekenwesen-verstehen-teil-2-schweizer-rezepte-von-a-bis-z-und-abrechnung-rolle-6-thema-6\/"},"modified":"2025-09-30T14:45:43","modified_gmt":"2025-09-30T12:45:43","slug":"das-schweizer-apothekenwesen-verstehen-teil-2-schweizer-rezepte-von-a-bis-z-und-abrechnung-rolle-6-thema-6","status":"publish","type":"product","link":"https:\/\/pharmasee.ch\/de\/produit\/das-schweizer-apothekenwesen-verstehen-teil-2-schweizer-rezepte-von-a-bis-z-und-abrechnung-rolle-6-thema-6\/","title":{"rendered":"Das Schweizer Apothekenwesen verstehen \u2013 Teil 2: Schweizer Rezepte von A bis Z und Abrechnung (Rolle 6, Thema 6)"},"content":{"rendered":"<p>Dieser Kurs ist in 2 Teilen f\u00fcr Apotheker mit einem ausl\u00e4ndischen Diplom konzipiert, die in der Schweiz arbeiten m\u00f6chten, um ihnen das schweizerische Gesundheits- und Versicherungssystem, die Abrechnung, Rezeptausstellung und Fakturierung zu erl\u00e4utern. Er erm\u00f6glicht ausl\u00e4ndischen Apothekern, den rechtlichen Rahmen, die Funktionsweise und die Praxis in einer Schweizer Apotheke kennenzulernen. Er ist zertifiziert f\u00fcr Rolle 6 (Verantwortlicher und Manager) Thema 6 (pharmazeutische Gesetzgebung) der FPH-Postgraduierten-Ausbildung. Er ist auch zertifiziert f\u00fcr den <span class=\"OYPEnA text-decoration-none text-strikethrough-none\">Themenkreis<\/span> 2 (<span class=\"OYPEnA text-decoration-none text-strikethrough-none\">Erg\u00e4nzende Schl\u00fcsselkompetenzen<\/span>) der Weiterbildung<\/p>\n","protected":false},"excerpt":{"rendered":"<p>Bilden Sie sich mit Liliane Yang, Apothekerin.<\/p>\n","protected":false},"featured_media":34844,"comment_status":"open","ping_status":"closed","template":"","meta":{"_et_pb_use_builder":"off","_et_pb_old_content":"Dieser Kurs ist in 2 Teilen f\u00fcr Apotheker mit einem ausl\u00e4ndischen Diplom konzipiert, die in der Schweiz arbeiten m\u00f6chten, um ihnen das schweizerische Gesundheits- und Versicherungssystem, die Abrechnung, Rezeptausstellung und Fakturierung zu erl\u00e4utern. Er erm\u00f6glicht ausl\u00e4ndischen Apothekern, den rechtlichen Rahmen, die Funktionsweise und die Praxis in einer Schweizer Apotheke kennenzulernen. Er ist zertifiziert f\u00fcr Rolle 6 (Verantwortlicher und Manager) Thema 6 (pharmazeutische Gesetzgebung) der FPH-Postgraduierten-Ausbildung. Er ist auch zertifiziert f\u00fcr den Kompetenzbereich 3 (Managementkompetenzen (DC3)) der Weiterbildung","_et_gb_content_width":""},"product_cat":[154],"product_tag":[151,152,150],"role\/dc":[166,160],"points":[173],"langue":[172],"fph":[171],"typedeformation":[174,175],"cible":[169,170,168],"lingue":[],"destinatari":[],"fphtipi":[],"ruolo\/tema":[],"punti":[],"cptui_points":[],"cptui_public_cible":[],"de_type_de_fph":[257],"de_langue":[258],"de_role_et_domaine":[262,263],"de_points":[267],"class_list":{"0":"post-34972","1":"product","2":"type-product","3":"status-publish","4":"has-post-thumbnail","6":"product_cat-prasenztraining","7":"product_tag-apotheker-innen-in-fortbildung","8":"product_tag-apotheker-innen-in-weiterbildung","9":"product_tag-pharma-assistent-innen","10":"roledc-rolle-6","11":"roledc-themenkreis-2","12":"points-12-5-de","13":"langue-de-de","14":"fph-postgraduale-weiterbildung-fachapotheker-in-offizinpharmazie","15":"typedeformation-prasenztraining","16":"typedeformation-videokonferenzen","17":"cible-apotheker-innen-in-fortbildung","18":"cible-apotheker-innen-in-weiterbildung","19":"cible-pharma-assistent-innen","20":"de_type_de_fph-postgraduale-weiterbildung-fachapotheker-in-offizinpharmazie-de","21":"de_langue-de-de","22":"de_role_et_domaine-rolle-6-de","23":"de_role_et_domaine-themenkreis-2-de","24":"de_points-12-5-de","26":"first","27":"instock","28":"shipping-taxable","29":"product-type-external"},"yoast_head":"<!-- This site is optimized with the Yoast SEO plugin v23.0 - https:\/\/yoast.com\/wordpress\/plugins\/seo\/ -->\n<title>Das Schweizer Apothekenwesen verstehen \u2013 Teil 2: Schweizer Rezepte von A bis Z und Abrechnung (Rolle 6, Thema 6) - pharmasee.ch<\/title>\n<meta name=\"robots\" content=\"index, follow, max-snippet:-1, max-image-preview:large, max-video-preview:-1\" \/>\n<link rel=\"canonical\" href=\"https:\/\/pharmasee.ch\/de\/produit\/das-schweizer-apothekenwesen-verstehen-teil-2-schweizer-rezepte-von-a-bis-z-und-abrechnung-rolle-6-thema-6\/\" \/>\n<meta property=\"og:locale\" content=\"de_DE\" \/>\n<meta property=\"og:type\" content=\"article\" \/>\n<meta property=\"og:title\" content=\"Das Schweizer Apothekenwesen verstehen \u2013 Teil 2: Schweizer Rezepte von A bis Z und Abrechnung (Rolle 6, Thema 6) - pharmasee.ch\" \/>\n<meta property=\"og:description\" content=\"Bilden Sie sich mit Liliane Yang, Apothekerin.\" \/>\n<meta property=\"og:url\" content=\"https:\/\/pharmasee.ch\/de\/produit\/das-schweizer-apothekenwesen-verstehen-teil-2-schweizer-rezepte-von-a-bis-z-und-abrechnung-rolle-6-thema-6\/\" \/>\n<meta property=\"og:site_name\" content=\"pharmasee.ch\" \/>\n<meta property=\"article:modified_time\" content=\"2025-09-30T12:45:43+00:00\" \/>\n<meta property=\"og:image\" content=\"https:\/\/pharmasee.ch\/wp-content\/uploads\/2024\/05\/Image-mise-en-avant-site-ordi-4.png\" \/>\n\t<meta property=\"og:image:width\" content=\"602\" \/>\n\t<meta property=\"og:image:height\" content=\"602\" \/>\n\t<meta property=\"og:image:type\" content=\"image\/png\" \/>\n<meta name=\"twitter:card\" content=\"summary_large_image\" \/>\n<script type=\"application\/ld+json\" class=\"yoast-schema-graph\">{\"@context\":\"https:\/\/schema.org\",\"@graph\":[{\"@type\":\"WebPage\",\"@id\":\"https:\/\/pharmasee.ch\/de\/produit\/das-schweizer-apothekenwesen-verstehen-teil-2-schweizer-rezepte-von-a-bis-z-und-abrechnung-rolle-6-thema-6\/\",\"url\":\"https:\/\/pharmasee.ch\/de\/produit\/das-schweizer-apothekenwesen-verstehen-teil-2-schweizer-rezepte-von-a-bis-z-und-abrechnung-rolle-6-thema-6\/\",\"name\":\"Das Schweizer Apothekenwesen verstehen \u2013 Teil 2: Schweizer Rezepte von A bis Z und Abrechnung (Rolle 6, Thema 6) - pharmasee.ch\",\"isPartOf\":{\"@id\":\"https:\/\/pharmasee.ch\/de\/#website\"},\"primaryImageOfPage\":{\"@id\":\"https:\/\/pharmasee.ch\/de\/produit\/das-schweizer-apothekenwesen-verstehen-teil-2-schweizer-rezepte-von-a-bis-z-und-abrechnung-rolle-6-thema-6\/#primaryimage\"},\"image\":{\"@id\":\"https:\/\/pharmasee.ch\/de\/produit\/das-schweizer-apothekenwesen-verstehen-teil-2-schweizer-rezepte-von-a-bis-z-und-abrechnung-rolle-6-thema-6\/#primaryimage\"},\"thumbnailUrl\":\"https:\/\/pharmasee.ch\/wp-content\/uploads\/2024\/05\/Image-mise-en-avant-site-ordi-4.png\",\"datePublished\":\"2023-01-01T03:12:50+00:00\",\"dateModified\":\"2025-09-30T12:45:43+00:00\",\"breadcrumb\":{\"@id\":\"https:\/\/pharmasee.ch\/de\/produit\/das-schweizer-apothekenwesen-verstehen-teil-2-schweizer-rezepte-von-a-bis-z-und-abrechnung-rolle-6-thema-6\/#breadcrumb\"},\"inLanguage\":\"de\",\"potentialAction\":[{\"@type\":\"ReadAction\",\"target\":[\"https:\/\/pharmasee.ch\/de\/produit\/das-schweizer-apothekenwesen-verstehen-teil-2-schweizer-rezepte-von-a-bis-z-und-abrechnung-rolle-6-thema-6\/\"]}]},{\"@type\":\"ImageObject\",\"inLanguage\":\"de\",\"@id\":\"https:\/\/pharmasee.ch\/de\/produit\/das-schweizer-apothekenwesen-verstehen-teil-2-schweizer-rezepte-von-a-bis-z-und-abrechnung-rolle-6-thema-6\/#primaryimage\",\"url\":\"https:\/\/pharmasee.ch\/wp-content\/uploads\/2024\/05\/Image-mise-en-avant-site-ordi-4.png\",\"contentUrl\":\"https:\/\/pharmasee.ch\/wp-content\/uploads\/2024\/05\/Image-mise-en-avant-site-ordi-4.png\",\"width\":602,\"height\":602},{\"@type\":\"BreadcrumbList\",\"@id\":\"https:\/\/pharmasee.ch\/de\/produit\/das-schweizer-apothekenwesen-verstehen-teil-2-schweizer-rezepte-von-a-bis-z-und-abrechnung-rolle-6-thema-6\/#breadcrumb\",\"itemListElement\":[{\"@type\":\"ListItem\",\"position\":1,\"name\":\"Accueil\",\"item\":\"https:\/\/pharmasee.ch\/de\/startseite\/\"},{\"@type\":\"ListItem\",\"position\":2,\"name\":\"Boutique\",\"item\":\"https:\/\/pharmasee.ch\/boutique\/\"},{\"@type\":\"ListItem\",\"position\":3,\"name\":\"Das Schweizer Apothekenwesen verstehen \u2013 Teil 2: Schweizer Rezepte von A bis Z und Abrechnung (Rolle 6, Thema 6)\"}]},{\"@type\":\"WebSite\",\"@id\":\"https:\/\/pharmasee.ch\/de\/#website\",\"url\":\"https:\/\/pharmasee.ch\/de\/\",\"name\":\"pharmasee.ch\",\"description\":\"Pour un syst\u00e8me de sant\u00e9 moins complexe et fragment\u00e9\",\"publisher\":{\"@id\":\"https:\/\/pharmasee.ch\/de\/#organization\"},\"potentialAction\":[{\"@type\":\"SearchAction\",\"target\":{\"@type\":\"EntryPoint\",\"urlTemplate\":\"https:\/\/pharmasee.ch\/de\/?s={search_term_string}\"},\"query-input\":\"required name=search_term_string\"}],\"inLanguage\":\"de\"},{\"@type\":\"Organization\",\"@id\":\"https:\/\/pharmasee.ch\/de\/#organization\",\"name\":\"Pharmasee\",\"url\":\"https:\/\/pharmasee.ch\/de\/\",\"logo\":{\"@type\":\"ImageObject\",\"inLanguage\":\"de\",\"@id\":\"https:\/\/pharmasee.ch\/de\/#\/schema\/logo\/image\/\",\"url\":\"https:\/\/pharmasee.ch\/wp-content\/uploads\/2022\/03\/Logo-PharmaSee-noir-avec-texte-PNG.png\",\"contentUrl\":\"https:\/\/pharmasee.ch\/wp-content\/uploads\/2022\/03\/Logo-PharmaSee-noir-avec-texte-PNG.png\",\"width\":3931,\"height\":2232,\"caption\":\"Pharmasee\"},\"image\":{\"@id\":\"https:\/\/pharmasee.ch\/de\/#\/schema\/logo\/image\/\"},\"sameAs\":[\"https:\/\/www.linkedin.com\/company\/pharmasee\/\"]}]}<\/script>\n<!-- \/ Yoast SEO plugin. -->","yoast_head_json":{"title":"Das Schweizer Apothekenwesen verstehen \u2013 Teil 2: Schweizer Rezepte von A bis Z und Abrechnung (Rolle 6, Thema 6) - pharmasee.ch","robots":{"index":"index","follow":"follow","max-snippet":"max-snippet:-1","max-image-preview":"max-image-preview:large","max-video-preview":"max-video-preview:-1"},"canonical":"https:\/\/pharmasee.ch\/de\/produit\/das-schweizer-apothekenwesen-verstehen-teil-2-schweizer-rezepte-von-a-bis-z-und-abrechnung-rolle-6-thema-6\/","og_locale":"de_DE","og_type":"article","og_title":"Das Schweizer Apothekenwesen verstehen \u2013 Teil 2: Schweizer Rezepte von A bis Z und Abrechnung (Rolle 6, Thema 6) - pharmasee.ch","og_description":"Bilden Sie sich mit Liliane Yang, Apothekerin.","og_url":"https:\/\/pharmasee.ch\/de\/produit\/das-schweizer-apothekenwesen-verstehen-teil-2-schweizer-rezepte-von-a-bis-z-und-abrechnung-rolle-6-thema-6\/","og_site_name":"pharmasee.ch","article_modified_time":"2025-09-30T12:45:43+00:00","og_image":[{"width":602,"height":602,"url":"https:\/\/pharmasee.ch\/wp-content\/uploads\/2024\/05\/Image-mise-en-avant-site-ordi-4.png","type":"image\/png"}],"twitter_card":"summary_large_image","schema":{"@context":"https:\/\/schema.org","@graph":[{"@type":"WebPage","@id":"https:\/\/pharmasee.ch\/de\/produit\/das-schweizer-apothekenwesen-verstehen-teil-2-schweizer-rezepte-von-a-bis-z-und-abrechnung-rolle-6-thema-6\/","url":"https:\/\/pharmasee.ch\/de\/produit\/das-schweizer-apothekenwesen-verstehen-teil-2-schweizer-rezepte-von-a-bis-z-und-abrechnung-rolle-6-thema-6\/","name":"Das Schweizer Apothekenwesen verstehen \u2013 Teil 2: Schweizer Rezepte von A bis Z und Abrechnung (Rolle 6, Thema 6) - pharmasee.ch","isPartOf":{"@id":"https:\/\/pharmasee.ch\/de\/#website"},"primaryImageOfPage":{"@id":"https:\/\/pharmasee.ch\/de\/produit\/das-schweizer-apothekenwesen-verstehen-teil-2-schweizer-rezepte-von-a-bis-z-und-abrechnung-rolle-6-thema-6\/#primaryimage"},"image":{"@id":"https:\/\/pharmasee.ch\/de\/produit\/das-schweizer-apothekenwesen-verstehen-teil-2-schweizer-rezepte-von-a-bis-z-und-abrechnung-rolle-6-thema-6\/#primaryimage"},"thumbnailUrl":"https:\/\/pharmasee.ch\/wp-content\/uploads\/2024\/05\/Image-mise-en-avant-site-ordi-4.png","datePublished":"2023-01-01T03:12:50+00:00","dateModified":"2025-09-30T12:45:43+00:00","breadcrumb":{"@id":"https:\/\/pharmasee.ch\/de\/produit\/das-schweizer-apothekenwesen-verstehen-teil-2-schweizer-rezepte-von-a-bis-z-und-abrechnung-rolle-6-thema-6\/#breadcrumb"},"inLanguage":"de","potentialAction":[{"@type":"ReadAction","target":["https:\/\/pharmasee.ch\/de\/produit\/das-schweizer-apothekenwesen-verstehen-teil-2-schweizer-rezepte-von-a-bis-z-und-abrechnung-rolle-6-thema-6\/"]}]},{"@type":"ImageObject","inLanguage":"de","@id":"https:\/\/pharmasee.ch\/de\/produit\/das-schweizer-apothekenwesen-verstehen-teil-2-schweizer-rezepte-von-a-bis-z-und-abrechnung-rolle-6-thema-6\/#primaryimage","url":"https:\/\/pharmasee.ch\/wp-content\/uploads\/2024\/05\/Image-mise-en-avant-site-ordi-4.png","contentUrl":"https:\/\/pharmasee.ch\/wp-content\/uploads\/2024\/05\/Image-mise-en-avant-site-ordi-4.png","width":602,"height":602},{"@type":"BreadcrumbList","@id":"https:\/\/pharmasee.ch\/de\/produit\/das-schweizer-apothekenwesen-verstehen-teil-2-schweizer-rezepte-von-a-bis-z-und-abrechnung-rolle-6-thema-6\/#breadcrumb","itemListElement":[{"@type":"ListItem","position":1,"name":"Accueil","item":"https:\/\/pharmasee.ch\/de\/startseite\/"},{"@type":"ListItem","position":2,"name":"Boutique","item":"https:\/\/pharmasee.ch\/boutique\/"},{"@type":"ListItem","position":3,"name":"Das Schweizer Apothekenwesen verstehen \u2013 Teil 2: Schweizer Rezepte von A bis Z und Abrechnung (Rolle 6, Thema 6)"}]},{"@type":"WebSite","@id":"https:\/\/pharmasee.ch\/de\/#website","url":"https:\/\/pharmasee.ch\/de\/","name":"pharmasee.ch","description":"Pour un syst\u00e8me de sant\u00e9 moins complexe et fragment\u00e9","publisher":{"@id":"https:\/\/pharmasee.ch\/de\/#organization"},"potentialAction":[{"@type":"SearchAction","target":{"@type":"EntryPoint","urlTemplate":"https:\/\/pharmasee.ch\/de\/?s={search_term_string}"},"query-input":"required name=search_term_string"}],"inLanguage":"de"},{"@type":"Organization","@id":"https:\/\/pharmasee.ch\/de\/#organization","name":"Pharmasee","url":"https:\/\/pharmasee.ch\/de\/","logo":{"@type":"ImageObject","inLanguage":"de","@id":"https:\/\/pharmasee.ch\/de\/#\/schema\/logo\/image\/","url":"https:\/\/pharmasee.ch\/wp-content\/uploads\/2022\/03\/Logo-PharmaSee-noir-avec-texte-PNG.png","contentUrl":"https:\/\/pharmasee.ch\/wp-content\/uploads\/2022\/03\/Logo-PharmaSee-noir-avec-texte-PNG.png","width":3931,"height":2232,"caption":"Pharmasee"},"image":{"@id":"https:\/\/pharmasee.ch\/de\/#\/schema\/logo\/image\/"},"sameAs":["https:\/\/www.linkedin.com\/company\/pharmasee\/"]}]}},"jetpack_sharing_enabled":true,"_links":{"self":[{"href":"https:\/\/pharmasee.ch\/de\/wp-json\/wp\/v2\/product\/34972","targetHints":{"allow":["GET"]}}],"collection":[{"href":"https:\/\/pharmasee.ch\/de\/wp-json\/wp\/v2\/product"}],"about":[{"href":"https:\/\/pharmasee.ch\/de\/wp-json\/wp\/v2\/types\/product"}],"replies":[{"embeddable":true,"href":"https:\/\/pharmasee.ch\/de\/wp-json\/wp\/v2\/comments?post=34972"}],"wp:featuredmedia":[{"embeddable":true,"href":"https:\/\/pharmasee.ch\/de\/wp-json\/wp\/v2\/media\/34844"}],"wp:attachment":[{"href":"https:\/\/pharmasee.ch\/de\/wp-json\/wp\/v2\/media?parent=34972"}],"wp:term":[{"taxonomy":"product_cat","embeddable":true,"href":"https:\/\/pharmasee.ch\/de\/wp-json\/wp\/v2\/product_cat?post=34972"},{"taxonomy":"product_tag","embeddable":true,"href":"https:\/\/pharmasee.ch\/de\/wp-json\/wp\/v2\/product_tag?post=34972"},{"taxonomy":"role\/dc","embeddable":true,"href":"https:\/\/pharmasee.ch\/de\/wp-json\/wp\/v2\/role\/dc?post=34972"},{"taxonomy":"points","embeddable":true,"href":"https:\/\/pharmasee.ch\/de\/wp-json\/wp\/v2\/points?post=34972"},{"taxonomy":"langue","embeddable":true,"href":"https:\/\/pharmasee.ch\/de\/wp-json\/wp\/v2\/langue?post=34972"},{"taxonomy":"fph","embeddable":true,"href":"https:\/\/pharmasee.ch\/de\/wp-json\/wp\/v2\/fph?post=34972"},{"taxonomy":"typedeformation","embeddable":true,"href":"https:\/\/pharmasee.ch\/de\/wp-json\/wp\/v2\/typedeformation?post=34972"},{"taxonomy":"cible","embeddable":true,"href":"https:\/\/pharmasee.ch\/de\/wp-json\/wp\/v2\/cible?post=34972"},{"taxonomy":"lingue","embeddable":true,"href":"https:\/\/pharmasee.ch\/de\/wp-json\/wp\/v2\/lingue?post=34972"},{"taxonomy":"destinatari","embeddable":true,"href":"https:\/\/pharmasee.ch\/de\/wp-json\/wp\/v2\/destinatari?post=34972"},{"taxonomy":"fphtipi","embeddable":true,"href":"https:\/\/pharmasee.ch\/de\/wp-json\/wp\/v2\/fphtipi?post=34972"},{"taxonomy":"ruolo\/tema","embeddable":true,"href":"https:\/\/pharmasee.ch\/de\/wp-json\/wp\/v2\/ruolo\/tema?post=34972"},{"taxonomy":"punti","embeddable":true,"href":"https:\/\/pharmasee.ch\/de\/wp-json\/wp\/v2\/punti?post=34972"},{"taxonomy":"cptui_points","embeddable":true,"href":"https:\/\/pharmasee.ch\/de\/wp-json\/wp\/v2\/cptui_points?post=34972"},{"taxonomy":"cptui_public_cible","embeddable":true,"href":"https:\/\/pharmasee.ch\/de\/wp-json\/wp\/v2\/cptui_public_cible?post=34972"},{"taxonomy":"de_type_de_fph","embeddable":true,"href":"https:\/\/pharmasee.ch\/de\/wp-json\/wp\/v2\/de_type_de_fph?post=34972"},{"taxonomy":"de_langue","embeddable":true,"href":"https:\/\/pharmasee.ch\/de\/wp-json\/wp\/v2\/de_langue?post=34972"},{"taxonomy":"de_role_et_domaine","embeddable":true,"href":"https:\/\/pharmasee.ch\/de\/wp-json\/wp\/v2\/de_role_et_domaine?post=34972"},{"taxonomy":"de_points","embeddable":true,"href":"https:\/\/pharmasee.ch\/de\/wp-json\/wp\/v2\/de_points?post=34972"}],"curies":[{"name":"wp","href":"https:\/\/api.w.org\/{rel}","templated":true}]}}