{"id":34929,"date":"2017-02-16T09:16:01","date_gmt":"2017-02-16T08:16:01","guid":{"rendered":"https:\/\/pharmasee.ch\/multimedia-produktionen\/"},"modified":"2024-11-25T08:13:24","modified_gmt":"2024-11-25T07:13:24","slug":"multimedia-produktionen","status":"publish","type":"page","link":"https:\/\/pharmasee.ch\/de\/multimedia-produktionen\/","title":{"rendered":"Multimedia-Produktionen"},"content":{"rendered":"<p>[et_pb_section fb_built=&#8220;1&#8243; fullwidth=&#8220;on&#8220; admin_label=&#8220;Section&#8220; _builder_version=&#8220;4.18.0&#8243; background_image=&#8220;https:\/\/pharmasee.ch\/wp-content\/uploads\/2021\/07\/Fichier-1-pdf.jpg&#8220; background_blend=&#8220;overlay&#8220; custom_padding=&#8220;0px|0px|0px|0px&#8220; transparent_background=&#8220;off&#8220; make_fullwidth=&#8220;off&#8220; use_custom_width=&#8220;off&#8220; width_unit=&#8220;off&#8220; custom_width_px=&#8220;1080px&#8220; custom_width_percent=&#8220;80%&#8220; global_colors_info=&#8220;{}&#8220;][et_pb_fullwidth_slider admin_label=&#8220;Curseur de d\u00e9filement plein \u00e9cran&#8220; _builder_version=&#8220;4.24.3&#8243; background_image=&#8220;https:\/\/pharmasee.ch\/wp-content\/uploads\/2021\/07\/Fichier-1-pdf.jpg&#8220; transform_translate_linked=&#8220;off&#8220; custom_padding=&#8220;53px||55px|||&#8220; custom_padding_tablet=&#8220;|||&#8220; custom_padding_phone=&#8220;|||&#8220; remove_inner_shadow=&#8220;on&#8220; hide_content_on_mobile=&#8220;off&#8220; hide_cta_on_mobile=&#8220;off&#8220; show_inner_shadow=&#8220;off&#8220; button_letter_spacing_hover=&#8220;0&#8243; global_colors_info=&#8220;{}&#8220; button_text_size__hover_enabled=&#8220;off&#8220; button_one_text_size__hover_enabled=&#8220;off&#8220; button_two_text_size__hover_enabled=&#8220;off&#8220; button_text_color__hover_enabled=&#8220;off&#8220; button_one_text_color__hover_enabled=&#8220;off&#8220; button_two_text_color__hover_enabled=&#8220;off&#8220; button_border_width__hover_enabled=&#8220;off&#8220; button_one_border_width__hover_enabled=&#8220;off&#8220; button_two_border_width__hover_enabled=&#8220;off&#8220; button_border_color__hover_enabled=&#8220;off&#8220; button_one_border_color__hover_enabled=&#8220;off&#8220; button_two_border_color__hover_enabled=&#8220;off&#8220; button_border_radius__hover_enabled=&#8220;off&#8220; button_one_border_radius__hover_enabled=&#8220;off&#8220; button_two_border_radius__hover_enabled=&#8220;off&#8220; button_letter_spacing__hover_enabled=&#8220;on&#8220; button_letter_spacing__hover=&#8220;0&#8243; button_one_letter_spacing__hover_enabled=&#8220;off&#8220; button_two_letter_spacing__hover_enabled=&#8220;off&#8220; button_bg_color__hover_enabled=&#8220;off&#8220; button_one_bg_color__hover_enabled=&#8220;off&#8220; button_two_bg_color__hover_enabled=&#8220;off&#8220;][et_pb_slide heading=&#8220;Unsere Multimedia-Produktionen&#8220; use_bg_overlay=&#8220;on&#8220; bg_overlay_color=&#8220;rgba(0,0,0,0.5)&#8220; use_text_overlay=&#8220;off&#8220; _builder_version=&#8220;4.24.3&#8243; header_font=&#8220;Montserrat|700||on|||||&#8220; header_text_color=&#8220;#f7f7f7&#8243; header_font_size=&#8220;35px&#8220; header_line_height=&#8220;1.3em&#8220; body_font=&#8220;Montserrat||||&#8220; body_text_color=&#8220;#FFFFFF&#8220; body_line_height=&#8220;1.8em&#8220; background_color=&#8220;rgba(12,113,195,0.63)&#8220; background_enable_color=&#8220;on&#8220; background_image=&#8220;https:\/\/pharmasee.ch\/wp-content\/uploads\/2021\/07\/Fichier-1-pdf.jpg&#8220; background_enable_image=&#8220;on&#8220; background_blend=&#8220;overlay&#8220; custom_button=&#8220;on&#8220; button_text_size=&#8220;16&#8243; button_text_color=&#8220;#ffffff&#8220; button_border_color=&#8220;#ffffff&#8220; button_font=&#8220;||||&#8220; button_use_icon=&#8220;off&#8220; header_font_size_tablet=&#8220;32px&#8220; header_font_size_phone=&#8220;30px&#8220; header_font_size_last_edited=&#8220;on|phone&#8220; body_font_size_tablet=&#8220;15px&#8220; body_font_size_phone=&#8220;14px&#8220; body_font_size_last_edited=&#8220;on|phone&#8220; button_text_size_tablet=&#8220;16&#8243; button_text_size_phone=&#8220;16&#8243; button_text_color_hover=&#8220;#666666&#8243; button_bg_color_hover=&#8220;#ffffff&#8220; global_colors_info=&#8220;{}&#8220; button_text_size__hover_enabled=&#8220;off&#8220; button_one_text_size__hover_enabled=&#8220;off&#8220; button_two_text_size__hover_enabled=&#8220;off&#8220; button_text_color__hover_enabled=&#8220;on&#8220; button_text_color__hover=&#8220;#666666&#8243; button_one_text_color__hover_enabled=&#8220;off&#8220; button_two_text_color__hover_enabled=&#8220;off&#8220; button_border_width__hover_enabled=&#8220;off&#8220; button_one_border_width__hover_enabled=&#8220;off&#8220; button_two_border_width__hover_enabled=&#8220;off&#8220; button_border_color__hover_enabled=&#8220;off&#8220; button_one_border_color__hover_enabled=&#8220;off&#8220; button_two_border_color__hover_enabled=&#8220;off&#8220; button_border_radius__hover_enabled=&#8220;off&#8220; button_one_border_radius__hover_enabled=&#8220;off&#8220; button_two_border_radius__hover_enabled=&#8220;off&#8220; button_letter_spacing__hover_enabled=&#8220;off&#8220; button_one_letter_spacing__hover_enabled=&#8220;off&#8220; button_two_letter_spacing__hover_enabled=&#8220;off&#8220; button_bg_color__hover_enabled=&#8220;on&#8220; button_bg_color__hover=&#8220;#ffffff&#8220; button_one_bg_color__hover_enabled=&#8220;off&#8220; button_two_bg_color__hover_enabled=&#8220;off&#8220; header_2_font_size_tablet=&#8220;22px&#8220; header_2_font_size_phone=&#8220;20px&#8220; header_2_font_size_last_edited=&#8220;on|desktop&#8220; sticky_transition=&#8220;on&#8220;]<\/p>\n<p style=\"text-align: center;\">Von der Website bis zum Werbevideo: Entdecken Sie unser Portfolio an Multimedia-Designs.<\/p>\n<p style=\"text-align: center;\">Und wenn Sie Lust haben, fragen Sie uns nach einem Kostenvoranschlag f\u00fcr Ihr Projekt.<\/p>\n<p>[\/et_pb_slide][\/et_pb_fullwidth_slider][\/et_pb_section][et_pb_section fb_built=&#8220;1&#8243; _builder_version=&#8220;4.16&#8243; custom_margin=&#8220;0px|||||&#8220; custom_padding=&#8220;||0px|||&#8220; transparent_background=&#8220;off&#8220; make_fullwidth=&#8220;off&#8220; use_custom_width=&#8220;off&#8220; width_unit=&#8220;off&#8220; custom_width_px=&#8220;1080px&#8220; custom_width_percent=&#8220;80%&#8220; global_colors_info=&#8220;{}&#8220;][et_pb_row _builder_version=&#8220;4.17.4&#8243; background_size=&#8220;initial&#8220; background_position=&#8220;top_left&#8220; background_repeat=&#8220;repeat&#8220; custom_padding=&#8220;33.859375px|0px|0px|0px&#8220; make_fullwidth=&#8220;off&#8220; use_custom_width=&#8220;off&#8220; width_unit=&#8220;off&#8220; custom_width_px=&#8220;1080px&#8220; custom_width_percent=&#8220;80%&#8220; global_colors_info=&#8220;{}&#8220;][et_pb_column type=&#8220;4_4&#8243; _builder_version=&#8220;4.17.4&#8243; custom_padding=&#8220;|||&#8220; global_colors_info=&#8220;{}&#8220; custom_padding__hover=&#8220;|||&#8220;][et_pb_filterable_portfolio fullwidth=&#8220;off&#8220; posts_number=&#8220;12&#8243; _builder_version=&#8220;4.18.0&#8243; title_level=&#8220;h3&#8243; title_font=&#8220;Montserrat|700||on|||||&#8220; title_text_color=&#8220;#000000&#8243; title_font_size=&#8220;14px&#8220; title_line_height=&#8220;1.3em&#8220; filter_font=&#8220;Montserrat||||||||&#8220; background_size=&#8220;initial&#8220; background_position=&#8220;top_left&#8220; background_repeat=&#8220;repeat&#8220; custom_padding=&#8220;||6px|||&#8220; title_font_size_tablet=&#8220;32px&#8220; title_font_size_phone=&#8220;14px&#8220; title_font_size_last_edited=&#8220;off|desktop&#8220; use_border_color=&#8220;off&#8220; border_color=&#8220;#ffffff&#8220; border_width=&#8220;1px&#8220; border_style=&#8220;solid&#8220; global_colors_info=&#8220;{}&#8220; title_2_font_size_tablet=&#8220;22px&#8220; title_2_font_size_phone=&#8220;20px&#8220; title_2_font_size_last_edited=&#8220;on|desktop&#8220;][\/et_pb_filterable_portfolio][\/et_pb_column][\/et_pb_row][\/et_pb_section][et_pb_section fb_built=&#8220;1&#8243; _builder_version=&#8220;4.16&#8243; _module_preset=&#8220;default&#8220; background_color=&#8220;rgba(252,208,95,0.74)&#8220; custom_padding=&#8220;21px|||||&#8220; custom_css_main_element=&#8220;max-height: 100vh;&#8220; global_colors_info=&#8220;{}&#8220; custom_css_main_element_last_edited=&#8220;on|desktop&#8220; custom_css_main_element_tablet=&#8220;max-height: 100vh;&#8220; custom_css_main_element_phone=&#8220;max-height: 100vh;&#8220;][et_pb_row column_structure=&#8220;1_2,1_2&#8243; _builder_version=&#8220;4.16&#8243; _module_preset=&#8220;default&#8220; custom_padding=&#8220;10px|||||&#8220; custom_css_main_element=&#8220;bottom: 2vh;||min-width: 85vw;&#8220; global_colors_info=&#8220;{}&#8220; custom_css_main_element_last_edited=&#8220;on|desktop&#8220; custom_css_main_element_tablet=&#8220;bottom: 2vh;||min-width: 85vw;&#8220; custom_css_main_element_phone=&#8220;bottom: 2vh;||min-width: 85vw;&#8220;][et_pb_column type=&#8220;1_2&#8243; _builder_version=&#8220;4.16&#8243; _module_preset=&#8220;default&#8220; global_colors_info=&#8220;{}&#8220;][et_pb_text _builder_version=&#8220;4.18.0&#8243; _module_preset=&#8220;default&#8220; header_font=&#8220;Montserrat|700||on|||||&#8220; header_text_color=&#8220;#FFFFFF&#8220; header_font_size=&#8220;35px&#8220; header_line_height=&#8220;1.3em&#8220; header_2_text_color=&#8220;#FFFFFF&#8220; header_2_font_size=&#8220;25px&#8220; custom_margin=&#8220;||15px|||&#8220; header_font_size_tablet=&#8220;32px&#8220; header_font_size_phone=&#8220;30px&#8220; header_font_size_last_edited=&#8220;on|phone&#8220; header_2_font_size_tablet=&#8220;22px&#8220; header_2_font_size_phone=&#8220;20px&#8220; header_2_font_size_last_edited=&#8220;on|desktop&#8220; global_colors_info=&#8220;{}&#8220;]<\/p>\n<h2>Erz\u00e4hlen Sie uns von Ihrem Projekt<\/h2>\n<p>[\/et_pb_text][wpforms_selector form_id=&#8220;31571&#8243; _builder_version=&#8220;4.24.3&#8243; _module_preset=&#8220;default&#8220; custom_margin=&#8220;||||false|false&#8220; hover_enabled=&#8220;0&#8243; global_colors_info=&#8220;{}&#8220; show_desc=&#8220;on&#8220; sticky_enabled=&#8220;0&#8243;][\/wpforms_selector][\/et_pb_column][et_pb_column type=&#8220;1_2&#8243; _builder_version=&#8220;4.16&#8243; _module_preset=&#8220;default&#8220; global_colors_info=&#8220;{}&#8220;][et_pb_image src=&#8220;https:\/\/pharmasee.ch\/wp-content\/uploads\/2022\/06\/nous-avec-Yannick.png&#8220; title_text=&#8220;uns mit Yannick&#8220; _builder_version=&#8220;4.17.4&#8243; _module_preset=&#8220;default&#8220; transform_translate=&#8220;0px|51px&#8220; transform_translate_linked=&#8220;off&#8220; custom_css_main_element=&#8220;top: 5vh;&#8220; global_colors_info=&#8220;{}&#8220;][\/et_pb_image][\/et_pb_column][\/et_pb_row][\/et_pb_section]<\/p>\n","protected":false},"excerpt":{"rendered":"<p>Von der Website bis zum Werbevideo: Entdecken Sie unser Portfolio an Multimedia-Designs. Und wenn Sie Lust haben, fragen Sie uns nach einem Kostenvoranschlag f\u00fcr Ihr Projekt.Erz\u00e4hlen Sie uns von Ihrem Projekt<div class=\"et_pb_module wpforms_selector wpforms_selector_0\">\n\t\t\t\t\n\t\t\t\t\n\t\t\t\t\n\t\t\t\t\n\t\t\t\t\n\t\t\t\t\n\t\t\t\t<div class=\"et_pb_module_inner\">\n\t\t\t\t\t<div class=\"wpforms-container wpforms-container-full\" id=\"wpforms-31571\"><form id=\"wpforms-form-31571\" class=\"wpforms-validate wpforms-form wpforms-ajax-form\" data-formid=\"31571\" method=\"post\" enctype=\"multipart\/form-data\" action=\"\/de\/wp-json\/wp\/v2\/pages\/34929\" data-token=\"65fd3e329fc2a991d95895b2b05bc635\" data-token-time=\"1776303278\"><div class=\"wpforms-head-container\"><div class=\"wpforms-description\">* Zeigt eine obligatorische Frage an<\/div><\/div><noscript class=\"wpforms-error-noscript\">Bitte aktiviere JavaScript in deinem Browser, um dieses Formular fertigzustellen.<\/noscript><div class=\"wpforms-field-container\"><div id=\"wpforms-31571-field_0-container\" class=\"wpforms-field wpforms-field-name\" data-field-id=\"0\"><label class=\"wpforms-field-label\" for=\"wpforms-31571-field_0\">Identit\u00e4t <span class=\"wpforms-required-label\">*<\/span><\/label><div class=\"wpforms-field-row wpforms-field-large\"><div class=\"wpforms-field-row-block wpforms-first wpforms-one-half\"><input type=\"text\" id=\"wpforms-31571-field_0\" class=\"wpforms-field-name-first wpforms-field-required\" name=\"wpforms[fields][0][first]\" required><label for=\"wpforms-31571-field_0\" class=\"wpforms-field-sublabel after \">Vorname<\/label><\/div><div class=\"wpforms-field-row-block wpforms-one-half\"><input type=\"text\" id=\"wpforms-31571-field_0-last\" class=\"wpforms-field-name-last wpforms-field-required\" name=\"wpforms[fields][0][last]\" required><label for=\"wpforms-31571-field_0-last\" class=\"wpforms-field-sublabel after \">Name<\/label><\/div><\/div><\/div><div id=\"wpforms-31571-field_1-container\" class=\"wpforms-field wpforms-field-email\" data-field-id=\"1\"><label class=\"wpforms-field-label\" for=\"wpforms-31571-field_1\">E-Mail <span class=\"wpforms-required-label\">*<\/span><\/label><input type=\"email\" id=\"wpforms-31571-field_1\" class=\"wpforms-field-large wpforms-field-required\" name=\"wpforms[fields][1]\" spellcheck=\"false\" required><\/div><div id=\"wpforms-31571-field_3-container\" class=\"wpforms-field wpforms-field-text\" data-field-id=\"3\"><label class=\"wpforms-field-label\" for=\"wpforms-31571-field_3\">Verbundenes Unternehmen<\/label><input type=\"text\" id=\"wpforms-31571-field_3\" class=\"wpforms-field-large\" name=\"wpforms[fields][3]\" ><\/div><div id=\"wpforms-31571-field_4-container\" class=\"wpforms-field wpforms-field-checkbox wpforms-list-3-columns\" data-field-id=\"4\"><label class=\"wpforms-field-label\" for=\"wpforms-31571-field_4\">Ihr Projekt <span class=\"wpforms-required-label\">*<\/span><\/label><ul id=\"wpforms-31571-field_4\" class=\"wpforms-field-required\"><li class=\"choice-1 depth-1\"><input type=\"checkbox\" id=\"wpforms-31571-field_4_1\" name=\"wpforms[fields][4][]\" value=\"Video\" required ><label class=\"wpforms-field-label-inline\" for=\"wpforms-31571-field_4_1\">Video<\/label><\/li><li class=\"choice-2 depth-1\"><input type=\"checkbox\" id=\"wpforms-31571-field_4_2\" name=\"wpforms[fields][4][]\" value=\"Internetseite\" required ><label class=\"wpforms-field-label-inline\" for=\"wpforms-31571-field_4_2\">Internetseite<\/label><\/li><li class=\"choice-3 depth-1\"><input type=\"checkbox\" id=\"wpforms-31571-field_4_3\" name=\"wpforms[fields][4][]\" value=\"Veranstaltung\" required ><label class=\"wpforms-field-label-inline\" for=\"wpforms-31571-field_4_3\">Veranstaltung<\/label><\/li><\/ul><\/div><div id=\"wpforms-31571-field_2-container\" class=\"wpforms-field wpforms-field-textarea\" data-field-id=\"2\"><label class=\"wpforms-field-label\" for=\"wpforms-31571-field_2\">Erz\u00e4hlen Sie uns von Ihrem Projekt <span class=\"wpforms-required-label\">*<\/span><\/label><textarea id=\"wpforms-31571-field_2\" class=\"wpforms-field-medium wpforms-field-required\" name=\"wpforms[fields][2]\" required><\/textarea><\/div><\/div><!-- .wpforms-field-container --><div class=\"wpforms-submit-container\" ><input type=\"hidden\" name=\"wpforms[id]\" value=\"31571\"><input type=\"hidden\" name=\"page_title\" value=\"\"><input type=\"hidden\" name=\"page_url\" value=\"https:\/\/pharmasee.ch\/de\/wp-json\/wp\/v2\/pages\/34929\"><button type=\"submit\" name=\"wpforms[submit]\" id=\"wpforms-submit-31571\" class=\"wpforms-submit\" data-alt-text=\"Laufende Sendung...\" data-submit-text=\"Senden Sie\" aria-live=\"assertive\" value=\"wpforms-submit\">Senden Sie<\/button><img loading=\"lazy\" decoding=\"async\" src=\"https:\/\/pharmasee.ch\/wp-content\/plugins\/wpforms\/assets\/images\/submit-spin.svg\" class=\"wpforms-submit-spinner\" style=\"display: none;\" width=\"26\" height=\"26\" alt=\"Wird geladen\"><\/div><\/form><\/div>  <!-- .wpforms-container -->\n\t\t\t\t<\/div>\n\t\t\t<\/div><\/p>\n","protected":false},"author":1,"featured_media":0,"parent":0,"menu_order":0,"comment_status":"closed","ping_status":"closed","template":"","meta":{"_et_pb_use_builder":"on","_et_pb_old_content":"","_et_gb_content_width":"","footnotes":""},"class_list":["post-34929","page","type-page","status-publish","hentry"],"yoast_head":"<!-- This site is optimized with the Yoast SEO plugin v23.0 - https:\/\/yoast.com\/wordpress\/plugins\/seo\/ -->\n<title>Multimedia-Produktionen - pharmasee.ch<\/title>\n<meta name=\"robots\" content=\"index, follow, max-snippet:-1, max-image-preview:large, max-video-preview:-1\" \/>\n<link rel=\"canonical\" href=\"https:\/\/pharmasee.ch\/de\/multimedia-produktionen\/\" \/>\n<meta property=\"og:locale\" content=\"de_DE\" \/>\n<meta property=\"og:type\" content=\"article\" \/>\n<meta property=\"og:title\" content=\"Multimedia-Produktionen - pharmasee.ch\" \/>\n<meta property=\"og:description\" content=\"Von der Website bis zum Werbevideo: Entdecken Sie unser Portfolio an Multimedia-Designs. Und wenn Sie Lust haben, fragen Sie uns nach einem Kostenvoranschlag f\u00fcr Ihr Projekt.Erz\u00e4hlen Sie uns von Ihrem Projekt\" \/>\n<meta property=\"og:url\" content=\"https:\/\/pharmasee.ch\/de\/multimedia-produktionen\/\" \/>\n<meta property=\"og:site_name\" content=\"pharmasee.ch\" \/>\n<meta property=\"article:modified_time\" content=\"2024-11-25T07:13:24+00:00\" \/>\n<meta name=\"twitter:card\" content=\"summary_large_image\" \/>\n<meta name=\"twitter:label1\" content=\"Gesch\u00e4tzte Lesezeit\" \/>\n\t<meta name=\"twitter:data1\" content=\"5\u00a0Minuten\" \/>\n<script type=\"application\/ld+json\" class=\"yoast-schema-graph\">{\"@context\":\"https:\/\/schema.org\",\"@graph\":[{\"@type\":\"WebPage\",\"@id\":\"https:\/\/pharmasee.ch\/de\/multimedia-produktionen\/\",\"url\":\"https:\/\/pharmasee.ch\/de\/multimedia-produktionen\/\",\"name\":\"Multimedia-Produktionen - pharmasee.ch\",\"isPartOf\":{\"@id\":\"https:\/\/pharmasee.ch\/de\/#website\"},\"datePublished\":\"2017-02-16T08:16:01+00:00\",\"dateModified\":\"2024-11-25T07:13:24+00:00\",\"breadcrumb\":{\"@id\":\"https:\/\/pharmasee.ch\/de\/multimedia-produktionen\/#breadcrumb\"},\"inLanguage\":\"de\",\"potentialAction\":[{\"@type\":\"ReadAction\",\"target\":[\"https:\/\/pharmasee.ch\/de\/multimedia-produktionen\/\"]}]},{\"@type\":\"BreadcrumbList\",\"@id\":\"https:\/\/pharmasee.ch\/de\/multimedia-produktionen\/#breadcrumb\",\"itemListElement\":[{\"@type\":\"ListItem\",\"position\":1,\"name\":\"Accueil\",\"item\":\"https:\/\/pharmasee.ch\/de\/startseite\/\"},{\"@type\":\"ListItem\",\"position\":2,\"name\":\"Multimedia-Produktionen\"}]},{\"@type\":\"WebSite\",\"@id\":\"https:\/\/pharmasee.ch\/de\/#website\",\"url\":\"https:\/\/pharmasee.ch\/de\/\",\"name\":\"pharmasee.ch\",\"description\":\"Pour un syst\u00e8me de sant\u00e9 moins complexe et fragment\u00e9\",\"publisher\":{\"@id\":\"https:\/\/pharmasee.ch\/de\/#organization\"},\"potentialAction\":[{\"@type\":\"SearchAction\",\"target\":{\"@type\":\"EntryPoint\",\"urlTemplate\":\"https:\/\/pharmasee.ch\/de\/?s={search_term_string}\"},\"query-input\":\"required name=search_term_string\"}],\"inLanguage\":\"de\"},{\"@type\":\"Organization\",\"@id\":\"https:\/\/pharmasee.ch\/de\/#organization\",\"name\":\"Pharmasee\",\"url\":\"https:\/\/pharmasee.ch\/de\/\",\"logo\":{\"@type\":\"ImageObject\",\"inLanguage\":\"de\",\"@id\":\"https:\/\/pharmasee.ch\/de\/#\/schema\/logo\/image\/\",\"url\":\"https:\/\/pharmasee.ch\/wp-content\/uploads\/2022\/03\/Logo-PharmaSee-noir-avec-texte-PNG.png\",\"contentUrl\":\"https:\/\/pharmasee.ch\/wp-content\/uploads\/2022\/03\/Logo-PharmaSee-noir-avec-texte-PNG.png\",\"width\":3931,\"height\":2232,\"caption\":\"Pharmasee\"},\"image\":{\"@id\":\"https:\/\/pharmasee.ch\/de\/#\/schema\/logo\/image\/\"},\"sameAs\":[\"https:\/\/www.linkedin.com\/company\/pharmasee\/\"]}]}<\/script>\n<!-- \/ Yoast SEO plugin. -->","yoast_head_json":{"title":"Multimedia-Produktionen - pharmasee.ch","robots":{"index":"index","follow":"follow","max-snippet":"max-snippet:-1","max-image-preview":"max-image-preview:large","max-video-preview":"max-video-preview:-1"},"canonical":"https:\/\/pharmasee.ch\/de\/multimedia-produktionen\/","og_locale":"de_DE","og_type":"article","og_title":"Multimedia-Produktionen - pharmasee.ch","og_description":"Von der Website bis zum Werbevideo: Entdecken Sie unser Portfolio an Multimedia-Designs. Und wenn Sie Lust haben, fragen Sie uns nach einem Kostenvoranschlag f\u00fcr Ihr Projekt.Erz\u00e4hlen Sie uns von Ihrem Projekt","og_url":"https:\/\/pharmasee.ch\/de\/multimedia-produktionen\/","og_site_name":"pharmasee.ch","article_modified_time":"2024-11-25T07:13:24+00:00","twitter_card":"summary_large_image","twitter_misc":{"Gesch\u00e4tzte Lesezeit":"5\u00a0Minuten"},"schema":{"@context":"https:\/\/schema.org","@graph":[{"@type":"WebPage","@id":"https:\/\/pharmasee.ch\/de\/multimedia-produktionen\/","url":"https:\/\/pharmasee.ch\/de\/multimedia-produktionen\/","name":"Multimedia-Produktionen - pharmasee.ch","isPartOf":{"@id":"https:\/\/pharmasee.ch\/de\/#website"},"datePublished":"2017-02-16T08:16:01+00:00","dateModified":"2024-11-25T07:13:24+00:00","breadcrumb":{"@id":"https:\/\/pharmasee.ch\/de\/multimedia-produktionen\/#breadcrumb"},"inLanguage":"de","potentialAction":[{"@type":"ReadAction","target":["https:\/\/pharmasee.ch\/de\/multimedia-produktionen\/"]}]},{"@type":"BreadcrumbList","@id":"https:\/\/pharmasee.ch\/de\/multimedia-produktionen\/#breadcrumb","itemListElement":[{"@type":"ListItem","position":1,"name":"Accueil","item":"https:\/\/pharmasee.ch\/de\/startseite\/"},{"@type":"ListItem","position":2,"name":"Multimedia-Produktionen"}]},{"@type":"WebSite","@id":"https:\/\/pharmasee.ch\/de\/#website","url":"https:\/\/pharmasee.ch\/de\/","name":"pharmasee.ch","description":"Pour un syst\u00e8me de sant\u00e9 moins complexe et fragment\u00e9","publisher":{"@id":"https:\/\/pharmasee.ch\/de\/#organization"},"potentialAction":[{"@type":"SearchAction","target":{"@type":"EntryPoint","urlTemplate":"https:\/\/pharmasee.ch\/de\/?s={search_term_string}"},"query-input":"required name=search_term_string"}],"inLanguage":"de"},{"@type":"Organization","@id":"https:\/\/pharmasee.ch\/de\/#organization","name":"Pharmasee","url":"https:\/\/pharmasee.ch\/de\/","logo":{"@type":"ImageObject","inLanguage":"de","@id":"https:\/\/pharmasee.ch\/de\/#\/schema\/logo\/image\/","url":"https:\/\/pharmasee.ch\/wp-content\/uploads\/2022\/03\/Logo-PharmaSee-noir-avec-texte-PNG.png","contentUrl":"https:\/\/pharmasee.ch\/wp-content\/uploads\/2022\/03\/Logo-PharmaSee-noir-avec-texte-PNG.png","width":3931,"height":2232,"caption":"Pharmasee"},"image":{"@id":"https:\/\/pharmasee.ch\/de\/#\/schema\/logo\/image\/"},"sameAs":["https:\/\/www.linkedin.com\/company\/pharmasee\/"]}]}},"jetpack_sharing_enabled":true,"_links":{"self":[{"href":"https:\/\/pharmasee.ch\/de\/wp-json\/wp\/v2\/pages\/34929","targetHints":{"allow":["GET"]}}],"collection":[{"href":"https:\/\/pharmasee.ch\/de\/wp-json\/wp\/v2\/pages"}],"about":[{"href":"https:\/\/pharmasee.ch\/de\/wp-json\/wp\/v2\/types\/page"}],"author":[{"embeddable":true,"href":"https:\/\/pharmasee.ch\/de\/wp-json\/wp\/v2\/users\/1"}],"replies":[{"embeddable":true,"href":"https:\/\/pharmasee.ch\/de\/wp-json\/wp\/v2\/comments?post=34929"}],"version-history":[{"count":7,"href":"https:\/\/pharmasee.ch\/de\/wp-json\/wp\/v2\/pages\/34929\/revisions"}],"predecessor-version":[{"id":35517,"href":"https:\/\/pharmasee.ch\/de\/wp-json\/wp\/v2\/pages\/34929\/revisions\/35517"}],"wp:attachment":[{"href":"https:\/\/pharmasee.ch\/de\/wp-json\/wp\/v2\/media?parent=34929"}],"curies":[{"name":"wp","href":"https:\/\/api.w.org\/{rel}","templated":true}]}}